{"id":18730,"date":"2021-12-16T10:02:05","date_gmt":"2021-12-16T10:02:05","guid":{"rendered":"https:\/\/capebodrum.com\/?page_id=18730"},"modified":"2023-06-13T11:48:10","modified_gmt":"2023-06-13T11:48:10","slug":"meetings-and-events","status":"publish","type":"page","link":"https:\/\/capebodrum.com\/tr\/meetings-and-events\/","title":{"rendered":"Meetings and Events"},"content":{"rendered":"<div data-elementor-type=\"wp-page\" data-elementor-id=\"18730\" class=\"elementor elementor-18730\">\n\t\t\t\t\t\t<section class=\"elementor-section elementor-top-section elementor-element elementor-element-4d88afb elementor-section-boxed elementor-section-height-default elementor-section-height-default sc_fly_static\" data-id=\"4d88afb\" data-element_type=\"section\">\n\t\t\t\t\t\t<div class=\"elementor-container elementor-column-gap-extended\">\n\t\t\t\t\t<div class=\"elementor-column elementor-col-100 elementor-top-column elementor-element elementor-element-976ba2b sc_inner_width_none sc_content_align_inherit sc_layouts_column_icons_position_left sc_fly_static\" data-id=\"976ba2b\" data-element_type=\"column\">\n\t\t\t<div class=\"elementor-widget-wrap elementor-element-populated\">\n\t\t\t\t\t\t<div class=\"elementor-element elementor-element-2213b39 sc_height_huge sc_fly_static elementor-widget elementor-widget-spacer\" data-id=\"2213b39\" data-element_type=\"widget\" data-widget_type=\"spacer.default\">\n\t\t\t\t<div class=\"elementor-widget-container\">\n\t\t\t\t\t\t\t<div class=\"elementor-spacer\">\n\t\t\t<div class=\"elementor-spacer-inner\"><\/div>\n\t\t<\/div>\n\t\t\t\t\t\t<\/div>\n\t\t\t\t<\/div>\n\t\t\t\t\t<\/div>\n\t\t<\/div>\n\t\t\t\t\t<\/div>\n\t\t<\/section>\n\t\t\t\t<section class=\"elementor-section elementor-top-section elementor-element elementor-element-ada3ff4 elementor-section-boxed elementor-section-height-default elementor-section-height-default sc_fly_static\" data-id=\"ada3ff4\" data-element_type=\"section\">\n\t\t\t\t\t\t<div class=\"elementor-container elementor-column-gap-extended\">\n\t\t\t\t\t<div class=\"elementor-column elementor-col-100 elementor-top-column elementor-element elementor-element-7c3f324 sc_inner_width_none sc_content_align_inherit sc_layouts_column_icons_position_left sc_fly_static\" data-id=\"7c3f324\" data-element_type=\"column\">\n\t\t\t<div class=\"elementor-widget-wrap elementor-element-populated\">\n\t\t\t\t\t\t<div class=\"elementor-element elementor-element-ad4264f sc_fly_static elementor-widget elementor-widget-heading\" data-id=\"ad4264f\" data-element_type=\"widget\" data-widget_type=\"heading.default\">\n\t\t\t\t<div class=\"elementor-widget-container\">\n\t\t\t\t\t<h2 class=\"elementor-heading-title elementor-size-default\">TOPLANTI &amp; DAVET<\/h2>\t\t\t\t<\/div>\n\t\t\t\t<\/div>\n\t\t\t\t\t<\/div>\n\t\t<\/div>\n\t\t\t\t\t<\/div>\n\t\t<\/section>\n\t\t\t\t<section class=\"elementor-section elementor-top-section elementor-element elementor-element-ff31e93 elementor-section-boxed elementor-section-height-default elementor-section-height-default sc_fly_static\" data-id=\"ff31e93\" data-element_type=\"section\">\n\t\t\t\t\t\t<div class=\"elementor-container elementor-column-gap-extended\">\n\t\t\t\t\t<div class=\"elementor-column elementor-col-100 elementor-top-column elementor-element elementor-element-6dbf311 sc_inner_width_none sc_content_align_inherit sc_layouts_column_icons_position_left sc_fly_static\" data-id=\"6dbf311\" data-element_type=\"column\">\n\t\t\t<div class=\"elementor-widget-wrap elementor-element-populated\">\n\t\t\t\t\t\t<div class=\"elementor-element elementor-element-ae37c35 sc_fly_static elementor-widget elementor-widget-text-editor\" data-id=\"ae37c35\" data-element_type=\"widget\" data-widget_type=\"text-editor.default\">\n\t\t\t\t<div class=\"elementor-widget-container\">\n\t\t\t\t\t\t\t\t\t<p style=\"text-align: left;\"><span style=\"color: #000000;\">Cape Bodrum Luxury Hotel &amp; Beach, 10 ki\u015filik k\u00fc\u00e7\u00fck bir gruptan, 300 ki\u015filik b\u00fcy\u00fck ekiplere kadar, istekleriniz do\u011frultusunda, farkl\u0131 d\u00fczen ve kapasitelerde toplant\u0131 salonlar\u0131, etkinlik alanlar\u0131 ve geni\u015f fuayesi ile, \u00f6zel davetlerinizi ve i\u015f toplant\u0131lar\u0131n\u0131z\u0131 ayr\u0131cal\u0131kl\u0131 k\u0131l\u0131yor.<\/span><\/p>\t\t\t\t\t\t\t\t<\/div>\n\t\t\t\t<\/div>\n\t\t\t\t<div class=\"elementor-element elementor-element-d6c4ae8 sc_height_huge sc_fly_static elementor-widget elementor-widget-spacer\" data-id=\"d6c4ae8\" data-element_type=\"widget\" data-widget_type=\"spacer.default\">\n\t\t\t\t<div class=\"elementor-widget-container\">\n\t\t\t\t\t\t\t<div class=\"elementor-spacer\">\n\t\t\t<div class=\"elementor-spacer-inner\"><\/div>\n\t\t<\/div>\n\t\t\t\t\t\t<\/div>\n\t\t\t\t<\/div>\n\t\t\t\t<div class=\"elementor-element elementor-element-8779aea sc_fly_static elementor-widget elementor-widget-image\" data-id=\"8779aea\" data-element_type=\"widget\" data-widget_type=\"image.default\">\n\t\t\t\t<div class=\"elementor-widget-container\">\n\t\t\t\t\t\t\t\t\t\t\t\t\t\t\t<img fetchpriority=\"high\" decoding=\"async\" width=\"1536\" height=\"600\" src=\"https:\/\/capebodrum.com\/wp-content\/uploads\/2022\/05\/Cape-Bodrum-Meeting-and-Events-1-1536x600.webp\" class=\"attachment-1536x1536 size-1536x1536 wp-image-22169\" alt=\"\" srcset=\"https:\/\/capebodrum.com\/wp-content\/uploads\/2022\/05\/Cape-Bodrum-Meeting-and-Events-1-1536x600.webp 1536w, https:\/\/capebodrum.com\/wp-content\/uploads\/2022\/05\/Cape-Bodrum-Meeting-and-Events-1-300x117.webp 300w, https:\/\/capebodrum.com\/wp-content\/uploads\/2022\/05\/Cape-Bodrum-Meeting-and-Events-1-1024x400.webp 1024w, https:\/\/capebodrum.com\/wp-content\/uploads\/2022\/05\/Cape-Bodrum-Meeting-and-Events-1-768x300.webp 768w, https:\/\/capebodrum.com\/wp-content\/uploads\/2022\/05\/Cape-Bodrum-Meeting-and-Events-1-370x145.webp 370w, https:\/\/capebodrum.com\/wp-content\/uploads\/2022\/05\/Cape-Bodrum-Meeting-and-Events-1-840x328.webp 840w, https:\/\/capebodrum.com\/wp-content\/uploads\/2022\/05\/Cape-Bodrum-Meeting-and-Events-1-410x160.webp 410w, https:\/\/capebodrum.com\/wp-content\/uploads\/2022\/05\/Cape-Bodrum-Meeting-and-Events-1.webp 1920w\" sizes=\"(max-width: 1536px) 100vw, 1536px\" \/>\t\t\t\t\t\t\t\t\t\t\t\t\t\t\t<\/div>\n\t\t\t\t<\/div>\n\t\t\t\t\t<\/div>\n\t\t<\/div>\n\t\t\t\t\t<\/div>\n\t\t<\/section>\n\t\t\t\t<section class=\"elementor-section elementor-top-section elementor-element elementor-element-3a83e90 elementor-section-boxed elementor-section-height-default elementor-section-height-default sc_fly_static\" data-id=\"3a83e90\" data-element_type=\"section\">\n\t\t\t\t\t\t<div class=\"elementor-container elementor-column-gap-extended\">\n\t\t\t\t\t<div class=\"elementor-column elementor-col-100 elementor-top-column elementor-element elementor-element-bc75632 sc_inner_width_none sc_content_align_inherit sc_layouts_column_icons_position_left sc_fly_static\" data-id=\"bc75632\" data-element_type=\"column\">\n\t\t\t<div class=\"elementor-widget-wrap elementor-element-populated\">\n\t\t\t\t\t\t<div class=\"elementor-element elementor-element-6d5a6fd sc_fly_static elementor-widget elementor-widget-heading\" data-id=\"6d5a6fd\" data-element_type=\"widget\" data-widget_type=\"heading.default\">\n\t\t\t\t<div class=\"elementor-widget-container\">\n\t\t\t\t\t<h2 class=\"elementor-heading-title elementor-size-default\">TOPLANTILAR<\/h2>\t\t\t\t<\/div>\n\t\t\t\t<\/div>\n\t\t\t\t\t<\/div>\n\t\t<\/div>\n\t\t\t\t\t<\/div>\n\t\t<\/section>\n\t\t\t\t<section class=\"elementor-section elementor-top-section elementor-element elementor-element-66406db elementor-section-boxed elementor-section-height-default elementor-section-height-default sc_fly_static\" data-id=\"66406db\" data-element_type=\"section\">\n\t\t\t\t\t\t<div class=\"elementor-container elementor-column-gap-extended\">\n\t\t\t\t\t<div class=\"elementor-column elementor-col-100 elementor-top-column elementor-element elementor-element-9b448ca sc_inner_width_none sc_content_align_inherit sc_layouts_column_icons_position_left sc_fly_static\" data-id=\"9b448ca\" data-element_type=\"column\">\n\t\t\t<div class=\"elementor-widget-wrap elementor-element-populated\">\n\t\t\t\t\t\t<div class=\"elementor-element elementor-element-86e195e sc_fly_static elementor-widget elementor-widget-text-editor\" data-id=\"86e195e\" data-element_type=\"widget\" data-widget_type=\"text-editor.default\">\n\t\t\t\t<div class=\"elementor-widget-container\">\n\t\t\t\t\t\t\t\t\t<p style=\"text-align: left;\"><span style=\"color: #000000;\">Yal\u0131n ve \u015f\u0131k yap\u0131s\u0131yla, t\u00fcm teknolojik ihtiyac\u0131n\u0131za cevap veren sistemlerine ek olarak i\u015f toplant\u0131lar\u0131n\u0131z boyunca konforunuzdan emin olacak profesyonel ekibi ile verimlilik ve sonu\u00e7 d\u00fczeyinizi y\u00fckseltiyor.<\/span><\/p><p style=\"text-align: left;\"><span style=\"color: #000000;\">Rather an intimate and small meeting or a Theater, Classroom or \u201cU\u201d shape for bigger groups, Cape Bodrum Luxury Hotel and Beach will make you experience sophisticated luxury.<\/span><\/p>\t\t\t\t\t\t\t\t<\/div>\n\t\t\t\t<\/div>\n\t\t\t\t<div class=\"elementor-element elementor-element-e1f83bf elementor-arrows-position-inside elementor-pagination-position-outside sc_fly_static elementor-widget elementor-widget-image-carousel\" data-id=\"e1f83bf\" data-element_type=\"widget\" data-settings=\"{&quot;slides_to_show&quot;:&quot;1&quot;,&quot;navigation&quot;:&quot;both&quot;,&quot;autoplay&quot;:&quot;yes&quot;,&quot;pause_on_hover&quot;:&quot;yes&quot;,&quot;pause_on_interaction&quot;:&quot;yes&quot;,&quot;autoplay_speed&quot;:5000,&quot;infinite&quot;:&quot;yes&quot;,&quot;effect&quot;:&quot;slide&quot;,&quot;speed&quot;:500}\" data-widget_type=\"image-carousel.default\">\n\t\t\t\t<div class=\"elementor-widget-container\">\n\t\t\t\t\t\t\t<div class=\"elementor-image-carousel-wrapper swiper\" role=\"region\" aria-roledescription=\"carousel\" aria-label=\"Resim D\u00f6ng\u00fcs\u00fc\" dir=\"ltr\">\n\t\t\t<div class=\"elementor-image-carousel swiper-wrapper\" aria-live=\"off\">\n\t\t\t\t\t\t\t\t<div class=\"swiper-slide\" role=\"group\" aria-roledescription=\"slide\" aria-label=\"1 \/ 2\"><figure class=\"swiper-slide-inner\"><img decoding=\"async\" class=\"swiper-slide-image\" src=\"https:\/\/capebodrum.com\/wp-content\/uploads\/2022\/05\/Cape-Bodrum-Meeting-and-Events-3.webp\" alt=\"Cape Bodrum - Meeting and Events (3)\" \/><\/figure><\/div><div class=\"swiper-slide\" role=\"group\" aria-roledescription=\"slide\" aria-label=\"2 \/ 2\"><figure class=\"swiper-slide-inner\"><img decoding=\"async\" class=\"swiper-slide-image\" src=\"https:\/\/capebodrum.com\/wp-content\/uploads\/2022\/05\/Cape-Bodrum-Meeting-and-Events-2.webp\" alt=\"Cape Bodrum - Meeting and Events (2)\" \/><\/figure><\/div>\t\t\t<\/div>\n\t\t\t\t\t\t\t\t\t\t\t\t<div class=\"elementor-swiper-button elementor-swiper-button-prev\" role=\"button\" tabindex=\"0\">\n\t\t\t\t\t\t<i aria-hidden=\"true\" class=\"eicon-chevron-left\"><\/i>\t\t\t\t\t<\/div>\n\t\t\t\t\t<div class=\"elementor-swiper-button elementor-swiper-button-next\" role=\"button\" tabindex=\"0\">\n\t\t\t\t\t\t<i aria-hidden=\"true\" class=\"eicon-chevron-right\"><\/i>\t\t\t\t\t<\/div>\n\t\t\t\t\n\t\t\t\t\t\t\t\t\t<div class=\"swiper-pagination\"><\/div>\n\t\t\t\t\t\t\t\t\t<\/div>\n\t\t\t\t\t\t<\/div>\n\t\t\t\t<\/div>\n\t\t\t\t\t<\/div>\n\t\t<\/div>\n\t\t\t\t\t<\/div>\n\t\t<\/section>\n\t\t\t\t<section class=\"elementor-section elementor-top-section elementor-element elementor-element-008544d elementor-section-boxed elementor-section-height-default elementor-section-height-default sc_fly_static\" data-id=\"008544d\" data-element_type=\"section\">\n\t\t\t\t\t\t<div class=\"elementor-container elementor-column-gap-extended\">\n\t\t\t\t\t<div class=\"elementor-column elementor-col-100 elementor-top-column elementor-element elementor-element-14bdc51 sc_inner_width_none sc_content_align_inherit sc_layouts_column_icons_position_left sc_fly_static\" data-id=\"14bdc51\" data-element_type=\"column\">\n\t\t\t<div class=\"elementor-widget-wrap elementor-element-populated\">\n\t\t\t\t\t\t<div class=\"elementor-element elementor-element-0c0b7a3 sc_fly_static elementor-widget elementor-widget-heading\" data-id=\"0c0b7a3\" data-element_type=\"widget\" data-widget_type=\"heading.default\">\n\t\t\t\t<div class=\"elementor-widget-container\">\n\t\t\t\t\t<h2 class=\"elementor-heading-title elementor-size-default\">\u00d6ZEL DAVETLER<\/h2>\t\t\t\t<\/div>\n\t\t\t\t<\/div>\n\t\t\t\t\t<\/div>\n\t\t<\/div>\n\t\t\t\t\t<\/div>\n\t\t<\/section>\n\t\t\t\t<section class=\"elementor-section elementor-top-section elementor-element elementor-element-d96ab8a scheme_light elementor-section-boxed elementor-section-height-default elementor-section-height-default sc_fly_static\" data-id=\"d96ab8a\" data-element_type=\"section\" data-settings=\"{&quot;background_background&quot;:&quot;classic&quot;}\">\n\t\t\t\t\t\t<div class=\"elementor-container elementor-column-gap-extended\">\n\t\t\t\t\t<div class=\"elementor-column elementor-col-100 elementor-top-column elementor-element elementor-element-8df8667 sc_inner_width_none sc_content_align_inherit sc_layouts_column_icons_position_left sc_fly_static\" data-id=\"8df8667\" data-element_type=\"column\">\n\t\t\t<div class=\"elementor-widget-wrap elementor-element-populated\">\n\t\t\t\t\t\t<div class=\"elementor-element elementor-element-e9138a7 sc_fly_static elementor-widget elementor-widget-text-editor\" data-id=\"e9138a7\" data-element_type=\"widget\" data-widget_type=\"text-editor.default\">\n\t\t\t\t<div class=\"elementor-widget-container\">\n\t\t\t\t\t\t\t\t\t<div class=\"text-block mt-2 mb-5\"><p style=\"text-align: left;\"><span style=\"color: #000000;\">Mavinin her tonunu deneyimleyece\u011finiz \u0131\u015f\u0131lt\u0131l\u0131 bir deniz ve panaromik Bodrum manzaras\u0131, Akdeniz ve Ege esintilerinden etkilenen se\u00e7kin lezzetler ve profesyonel servisi ile Cape Bodrum Luxury Hotel &amp; Beach,banket d\u00fczeninden kokteyl d\u00fczenine, ihtiya\u00e7 ve isteklerinize g\u00f6re \u015fekillenen e\u015fsiz bir davet deneyimi sunuyor.<\/span><\/p><\/div><div class=\"image-block mt-2 mb-4\"><div class=\"image-slider flickity-enabled\" tabindex=\"0\" data-flickity=\"{ &quot;fullscreen&quot;: true, &quot;contain&quot;: false, &quot;pageDots&quot;:false, &quot;percentPosition&quot;:false, &quot;adaptiveHeight&quot;:true, &quot;imagesLoaded&quot;:true }\"><div class=\"flickity-viewport\"><div class=\"flickity-slider\"><div class=\"image-slider-item is-selected\"><picture><source srcset=\"https:\/\/i2.wp.com\/capebodrum.com\/wp-content\/uploads\/2019\/09\/MLS_6153-Kopya-Kopya-2.jpg?resize=1200%2C600&amp;ssl=1\" media=\"(min-width: 481px)\" \/><\/picture><\/div><\/div><\/div><\/div><\/div>\t\t\t\t\t\t\t\t<\/div>\n\t\t\t\t<\/div>\n\t\t\t\t<div class=\"elementor-element elementor-element-49d576b sc_fly_static elementor-widget elementor-widget-image\" data-id=\"49d576b\" data-element_type=\"widget\" data-widget_type=\"image.default\">\n\t\t\t\t<div class=\"elementor-widget-container\">\n\t\t\t\t\t\t\t\t\t\t\t\t\t\t\t<img decoding=\"async\" width=\"1024\" height=\"512\" src=\"https:\/\/capebodrum.com\/wp-content\/uploads\/2022\/05\/Cape-Bodrum-Meeting-and-Events-4-1024x512.webp\" class=\"attachment-large size-large wp-image-22172\" alt=\"\" srcset=\"https:\/\/capebodrum.com\/wp-content\/uploads\/2022\/05\/Cape-Bodrum-Meeting-and-Events-4-1024x512.webp 1024w, https:\/\/capebodrum.com\/wp-content\/uploads\/2022\/05\/Cape-Bodrum-Meeting-and-Events-4-300x150.webp 300w, https:\/\/capebodrum.com\/wp-content\/uploads\/2022\/05\/Cape-Bodrum-Meeting-and-Events-4-768x384.webp 768w, https:\/\/capebodrum.com\/wp-content\/uploads\/2022\/05\/Cape-Bodrum-Meeting-and-Events-4-370x185.webp 370w, https:\/\/capebodrum.com\/wp-content\/uploads\/2022\/05\/Cape-Bodrum-Meeting-and-Events-4-840x420.webp 840w, https:\/\/capebodrum.com\/wp-content\/uploads\/2022\/05\/Cape-Bodrum-Meeting-and-Events-4-410x205.webp 410w, https:\/\/capebodrum.com\/wp-content\/uploads\/2022\/05\/Cape-Bodrum-Meeting-and-Events-4.webp 1200w\" sizes=\"(max-width: 1024px) 100vw, 1024px\" \/>\t\t\t\t\t\t\t\t\t\t\t\t\t\t\t<\/div>\n\t\t\t\t<\/div>\n\t\t\t\t<div class=\"elementor-element elementor-element-1ded52b sc_height_huge sc_fly_static elementor-widget elementor-widget-spacer\" data-id=\"1ded52b\" data-element_type=\"widget\" data-widget_type=\"spacer.default\">\n\t\t\t\t<div class=\"elementor-widget-container\">\n\t\t\t\t\t\t\t<div class=\"elementor-spacer\">\n\t\t\t<div class=\"elementor-spacer-inner\"><\/div>\n\t\t<\/div>\n\t\t\t\t\t\t<\/div>\n\t\t\t\t<\/div>\n\t\t\t\t<div class=\"elementor-element elementor-element-a0a7ba6 sc_fly_static elementor-widget elementor-widget-trx_sc_table\" data-id=\"a0a7ba6\" data-element_type=\"widget\" data-widget_type=\"trx_sc_table.default\">\n\t\t\t\t<div class=\"elementor-widget-container\">\n\t\t\t\t\t<div class=\"sc_table_wrap\"><div\t\tclass=\"sc_table sc_table_default trx_addons_inline_151250474\" ><table cellspacing=\"0\" summary=\"a\">\n\t<tr>\n\t\t<th>Salon Ad\u0131<\/th>\n\t\t<th>Alan (m2)<\/th>\n\t\t<th>Y\u00fckseklik (m)<\/th>\n\t\t<th>Uzunluk (m)<\/th>\n\t\t<th>Geni\u015flik (m)<\/th>\n\t\t<th>Tiyatro<\/th>\n\t\t<th>S\u0131n\u0131f\t<\/th>\n\t\t<th>\u2018U\u2019 D\u00fczeni<\/th>\n\t\t<th>Kokteyl<\/th>\n\t\t<th>Banket<\/th>\n\t<\/tr>\n\t<tr>\n\t\t<td>Konferans Salonu<\/td>\n\t\t<td>242<\/td>\n\t\t<td>5,3<\/td>\n\t\t<td>26<\/td>\n\t\t<td>9,3<\/td>\n\t\t<td>250<\/td>\n\t\t<td>110<\/td>\n\t\t<td>75<\/td>\n\t\t<td>220<\/td>\n\t\t<td>220<\/td>\n\t<\/tr>\n\t<tr>\n\t\t<td>1<\/td>\n\t\t<td>60<\/td>\n\t\t<td>2,7<\/td>\n\t\t<td>8,5<\/td>\n\t\t<td>7<\/td>\n\t\t<td>70<\/td>\n\t\t<td>28<\/td>\n\t\t<td>18<\/td>\n\t\t<td>50<\/td>\n\t\t<td>50<\/td>\n\t<\/tr>\n\t<tr>\n\t\t<td>2<\/td>\n\t\t<td>54<\/td>\n\t\t<td>2,7<\/td>\n\t\t<td>7,6<\/td>\n\t\t<td>7<\/td>\n\t\t<td>65<\/td>\n\t\t<td>25<\/td>\n\t\t<td>15<\/td>\n\t\t<td>40<\/td>\n\t\t<td>40<\/td>\n\t<\/tr>\n\t<tr>\n\t\t<td>3<\/td>\n\t\t<td>114<\/td>\n\t\t<td>2,7<\/td>\n\t\t<td>16,1<\/td>\n\t\t<td>7<\/td>\n\t\t<td>135<\/td>\n\t\t<td>53<\/td>\n\t\t<td>33<\/td>\n\t\t<td>90<\/td>\n\t\t<td>90<\/td>\n\t<\/tr>\n\t<tr>\n\t\t<td>Fuaye<\/td>\n\t\t<td>168<\/td>\n\t\t<td>2,7<\/td>\n\t\t<td>18<\/td>\n\t\t<td>7<\/td>\n\t\t<td>x<\/td>\n\t\t<td>x<\/td>\n\t\t<td>x<\/td>\n\t\t<td>x<\/td>\n\t\t<td>x<\/td>\n\t<\/tr>\n\t<tr>\n\t\t<td>Arka Teras<\/td>\n\t\t<td>234<\/td>\n\t\t<td>x\t<\/td>\n\t\t<td>x<\/td>\n\t\t<td>x<\/td>\n\t\t<td>x<\/td>\n\t\t<td>x<\/td>\n\t\t<td>x<\/td>\n\t\t<td>160<\/td>\n\t\t<td>170<\/td>\n\t<\/tr>\n\t<tr>\n\t\t<td>\u00d6n Teras\t<\/td>\n\t\t<td>234<\/td>\n\t\t<td>x<\/td>\n\t\t<td>x<\/td>\n\t\t<td>x<\/td>\n\t\t<td>x<\/td>\n\t\t<td>x<\/td>\n\t\t<td>x<\/td>\n\t\t<td>300<\/td>\n\t\t<td>200<\/td>\n\t<\/tr>\n\t<tr>\n\t\t<td>\u0130skele Alan\u0131\t<\/td>\n\t\t<td>206<\/td>\n\t\t<td>x<\/td>\n\t\t<td>x<\/td>\n\t\t<td>x<\/td>\n\t\t<td>x<\/td>\n\t\t<td>x<\/td>\n\t\t<td>x<\/td>\n\t\t<td>180<\/td>\n\t\t<td>220<\/td>\n\t<\/tr>\n\t<tr>\n\t\t<td><\/td>\n\t\t<td><\/td>\n\t\t<td><\/td>\n\t\t<td><\/td>\n\t\t<td><\/td>\n\t\t<td><\/td>\n\t\t<td><\/td>\n\t\t<td><\/td>\n\t\t<td><\/td>\n\t\t<td><\/td>\n\t<\/tr>\n\t<tr>\n\t\t<td><\/td>\n\t\t<td><\/td>\n\t\t<td><\/td>\n\t\t<td><\/td>\n\t\t<td><\/td>\n\t\t<td><\/td>\n\t\t<td><\/td>\n\t\t<td><\/td>\n\t\t<td><\/td>\n\t\t<td><\/td>\n\t<\/tr>\n<\/table><\/div><\/div>\t\t\t\t<\/div>\n\t\t\t\t<\/div>\n\t\t\t\t<div class=\"elementor-element elementor-element-9a4c018 sc_height_huge sc_fly_static elementor-widget elementor-widget-spacer\" data-id=\"9a4c018\" data-element_type=\"widget\" data-widget_type=\"spacer.default\">\n\t\t\t\t<div class=\"elementor-widget-container\">\n\t\t\t\t\t\t\t<div class=\"elementor-spacer\">\n\t\t\t<div class=\"elementor-spacer-inner\"><\/div>\n\t\t<\/div>\n\t\t\t\t\t\t<\/div>\n\t\t\t\t<\/div>\n\t\t\t\t\t<\/div>\n\t\t<\/div>\n\t\t\t\t\t<\/div>\n\t\t<\/section>\n\t\t\t\t<section class=\"elementor-section elementor-top-section elementor-element elementor-element-1b898ec elementor-section-boxed elementor-section-height-default elementor-section-height-default sc_fly_static\" data-id=\"1b898ec\" data-element_type=\"section\">\n\t\t\t\t\t\t<div class=\"elementor-container elementor-column-gap-extended\">\n\t\t\t\t\t<div class=\"elementor-column elementor-col-100 elementor-top-column elementor-element elementor-element-40ee747 sc_inner_width_none sc_content_align_inherit sc_layouts_column_icons_position_left sc_fly_static\" data-id=\"40ee747\" data-element_type=\"column\">\n\t\t\t<div class=\"elementor-widget-wrap elementor-element-populated\">\n\t\t\t\t\t\t<div class=\"elementor-element elementor-element-759b7f0 sc_fly_static elementor-widget elementor-widget-html\" data-id=\"759b7f0\" data-element_type=\"widget\" data-widget_type=\"html.default\">\n\t\t\t\t<div class=\"elementor-widget-container\">\n\t\t\t\t\t<script src='https:\/\/www.thehotelsnetwork.com\/js\/hotel_price_widget.js? hotel_id=1722369&property_id=1037368&account_key=7C1C17038DEB419A184EBFDAEC4157 D6' async><\/script>\t\t\t\t<\/div>\n\t\t\t\t<\/div>\n\t\t\t\t\t<\/div>\n\t\t<\/div>\n\t\t\t\t\t<\/div>\n\t\t<\/section>\n\t\t\t\t<\/div>","protected":false},"excerpt":{"rendered":"<p>Meetings &amp; Events Cape Bodrum Luxury Hotel and Beach; from a 10 persons small group until 300 persons big teams, makes your business meetings prerogative with meeting rooms of different&hellip;<\/p>","protected":false},"author":1,"featured_media":0,"parent":0,"menu_order":0,"comment_status":"closed","ping_status":"closed","template":"","meta":{"footnotes":""},"class_list":["post-18730","page","type-page","status-publish","hentry"],"_links":{"self":[{"href":"https:\/\/capebodrum.com\/tr\/wp-json\/wp\/v2\/pages\/18730","targetHints":{"allow":["GET"]}}],"collection":[{"href":"https:\/\/capebodrum.com\/tr\/wp-json\/wp\/v2\/pages"}],"about":[{"href":"https:\/\/capebodrum.com\/tr\/wp-json\/wp\/v2\/types\/page"}],"author":[{"embeddable":true,"href":"https:\/\/capebodrum.com\/tr\/wp-json\/wp\/v2\/users\/1"}],"replies":[{"embeddable":true,"href":"https:\/\/capebodrum.com\/tr\/wp-json\/wp\/v2\/comments?post=18730"}],"version-history":[{"count":46,"href":"https:\/\/capebodrum.com\/tr\/wp-json\/wp\/v2\/pages\/18730\/revisions"}],"predecessor-version":[{"id":23436,"href":"https:\/\/capebodrum.com\/tr\/wp-json\/wp\/v2\/pages\/18730\/revisions\/23436"}],"wp:attachment":[{"href":"https:\/\/capebodrum.com\/tr\/wp-json\/wp\/v2\/media?parent=18730"}],"curies":[{"name":"wp","href":"https:\/\/api.w.org\/{rel}","templated":true}]}}