{"id":22310,"date":"2022-05-02T01:35:55","date_gmt":"2022-05-02T01:35:55","guid":{"rendered":"https:\/\/www.capebodrum.com\/?page_id=22310"},"modified":"2023-06-14T16:13:44","modified_gmt":"2023-06-14T16:13:44","slug":"escape-beach-and-lounge","status":"publish","type":"page","link":"https:\/\/capebodrum.com\/tr\/escape-beach-and-lounge\/","title":{"rendered":"Escape Beach &amp; Lounge"},"content":{"rendered":"<div data-elementor-type=\"wp-page\" data-elementor-id=\"22310\" class=\"elementor elementor-22310\">\n\t\t\t\t\t\t<section class=\"elementor-section elementor-top-section elementor-element elementor-element-4d88afb elementor-section-boxed elementor-section-height-default elementor-section-height-default sc_fly_static\" data-id=\"4d88afb\" data-element_type=\"section\" data-settings=\"{&quot;background_background&quot;:&quot;classic&quot;}\">\n\t\t\t\t\t\t<div class=\"elementor-container elementor-column-gap-extended\">\n\t\t\t\t\t<div class=\"elementor-column elementor-col-100 elementor-top-column elementor-element elementor-element-976ba2b sc_inner_width_none sc_content_align_inherit sc_layouts_column_icons_position_left sc_fly_static\" data-id=\"976ba2b\" data-element_type=\"column\" data-settings=\"{&quot;background_background&quot;:&quot;classic&quot;}\">\n\t\t\t<div class=\"elementor-widget-wrap elementor-element-populated\">\n\t\t\t\t\t\t<div class=\"elementor-element elementor-element-2213b39 sc_height_huge sc_fly_static elementor-widget elementor-widget-spacer\" data-id=\"2213b39\" data-element_type=\"widget\" data-widget_type=\"spacer.default\">\n\t\t\t\t<div class=\"elementor-widget-container\">\n\t\t\t\t\t\t\t<div class=\"elementor-spacer\">\n\t\t\t<div class=\"elementor-spacer-inner\"><\/div>\n\t\t<\/div>\n\t\t\t\t\t\t<\/div>\n\t\t\t\t<\/div>\n\t\t\t\t\t<\/div>\n\t\t<\/div>\n\t\t\t\t\t<\/div>\n\t\t<\/section>\n\t\t\t\t<section class=\"elementor-section elementor-top-section elementor-element elementor-element-bf80dc0 elementor-section-boxed elementor-section-height-default elementor-section-height-default sc_fly_static\" data-id=\"bf80dc0\" data-element_type=\"section\" data-settings=\"{&quot;background_background&quot;:&quot;classic&quot;}\">\n\t\t\t\t\t\t<div class=\"elementor-container elementor-column-gap-extended\">\n\t\t\t\t\t<div class=\"elementor-column elementor-col-100 elementor-top-column elementor-element elementor-element-a246a14 sc_inner_width_none sc_content_align_inherit sc_layouts_column_icons_position_left sc_fly_static\" data-id=\"a246a14\" data-element_type=\"column\" data-settings=\"{&quot;background_background&quot;:&quot;classic&quot;}\">\n\t\t\t<div class=\"elementor-widget-wrap elementor-element-populated\">\n\t\t\t\t\t\t<div class=\"elementor-element elementor-element-c5fa1bc sc_fly_static elementor-widget elementor-widget-image\" data-id=\"c5fa1bc\" data-element_type=\"widget\" data-widget_type=\"image.default\">\n\t\t\t\t<div class=\"elementor-widget-container\">\n\t\t\t\t\t\t\t\t\t\t\t\t\t\t\t<img fetchpriority=\"high\" decoding=\"async\" width=\"400\" height=\"276\" src=\"https:\/\/capebodrum.com\/wp-content\/uploads\/2022\/05\/escape-beach-logo.png\" class=\"attachment-large size-large wp-image-22497\" alt=\"\" srcset=\"https:\/\/capebodrum.com\/wp-content\/uploads\/2022\/05\/escape-beach-logo.png 400w, https:\/\/capebodrum.com\/wp-content\/uploads\/2022\/05\/escape-beach-logo-300x207.png 300w, https:\/\/capebodrum.com\/wp-content\/uploads\/2022\/05\/escape-beach-logo-18x12.png 18w, https:\/\/capebodrum.com\/wp-content\/uploads\/2022\/05\/escape-beach-logo-370x255.png 370w\" sizes=\"(max-width: 600px) 100vw, 400px\" \/>\t\t\t\t\t\t\t\t\t\t\t\t\t\t\t<\/div>\n\t\t\t\t<\/div>\n\t\t\t\t\t<\/div>\n\t\t<\/div>\n\t\t\t\t\t<\/div>\n\t\t<\/section>\n\t\t\t\t<section class=\"elementor-section elementor-top-section elementor-element elementor-element-66406db elementor-section-boxed elementor-section-height-default elementor-section-height-default sc_fly_static\" data-id=\"66406db\" data-element_type=\"section\" data-settings=\"{&quot;background_background&quot;:&quot;classic&quot;}\">\n\t\t\t\t\t\t<div class=\"elementor-container elementor-column-gap-extended\">\n\t\t\t\t\t<div class=\"elementor-column elementor-col-100 elementor-top-column elementor-element elementor-element-9b448ca sc_inner_width_none sc_content_align_inherit sc_layouts_column_icons_position_left sc_fly_static\" data-id=\"9b448ca\" data-element_type=\"column\" data-settings=\"{&quot;background_background&quot;:&quot;classic&quot;}\">\n\t\t\t<div class=\"elementor-widget-wrap elementor-element-populated\">\n\t\t\t\t\t\t<div class=\"elementor-element elementor-element-86e195e sc_fly_static elementor-widget elementor-widget-text-editor\" data-id=\"86e195e\" data-element_type=\"widget\" data-widget_type=\"text-editor.default\">\n\t\t\t\t<div class=\"elementor-widget-container\">\n\t\t\t\t\t\t\t\t\t<div class=\"text-block mt-2 mb-5\"><p style=\"text-align: left;\">Berrak sulara sahip plaj\u0131m\u0131zda, g\u00fcne\u015fin ve denizin tad\u0131n\u0131,keyifli m\u00fczikler  ve e\u015fsiz lezzetler e\u015fli\u011finde \u00e7\u0131kartabilirsiniz.<\/p><\/div>\t\t\t\t\t\t\t\t<\/div>\n\t\t\t\t<\/div>\n\t\t\t\t<div class=\"elementor-element elementor-element-e1f83bf elementor-arrows-position-outside sc_fly_static elementor-widget elementor-widget-image-carousel\" data-id=\"e1f83bf\" data-element_type=\"widget\" data-settings=\"{&quot;slides_to_show&quot;:&quot;1&quot;,&quot;navigation&quot;:&quot;arrows&quot;,&quot;slides_to_show_mobile&quot;:&quot;1&quot;,&quot;autoplay&quot;:&quot;yes&quot;,&quot;pause_on_hover&quot;:&quot;yes&quot;,&quot;pause_on_interaction&quot;:&quot;yes&quot;,&quot;autoplay_speed&quot;:5000,&quot;infinite&quot;:&quot;yes&quot;,&quot;effect&quot;:&quot;slide&quot;,&quot;speed&quot;:500}\" data-widget_type=\"image-carousel.default\">\n\t\t\t\t<div class=\"elementor-widget-container\">\n\t\t\t\t\t\t\t<div class=\"elementor-image-carousel-wrapper swiper\" role=\"region\" aria-roledescription=\"carousel\" aria-label=\"Resim D\u00f6ng\u00fcs\u00fc\" dir=\"ltr\">\n\t\t\t<div class=\"elementor-image-carousel swiper-wrapper\" aria-live=\"off\">\n\t\t\t\t\t\t\t\t<div class=\"swiper-slide\" role=\"group\" aria-roledescription=\"slide\" aria-label=\"1 \/ 8\"><figure class=\"swiper-slide-inner\"><img decoding=\"async\" class=\"swiper-slide-image\" src=\"https:\/\/capebodrum.com\/wp-content\/uploads\/2022\/05\/cape-bodrum-luxury-holiday-escape-beach-min-10-1219x725.jpg\" alt=\"cape-bodrum-luxury-holiday-escape-beach-min-(10)\" \/><\/figure><\/div><div class=\"swiper-slide\" role=\"group\" aria-roledescription=\"slide\" aria-label=\"2 \/ 8\"><figure class=\"swiper-slide-inner\"><img decoding=\"async\" class=\"swiper-slide-image\" src=\"https:\/\/capebodrum.com\/wp-content\/uploads\/2022\/05\/cape-bodrum-luxury-holiday-escape-beach-min-4-1219x725.jpg\" alt=\"cape-bodrum-luxury-holiday-escape-beach-min-(4)\" \/><\/figure><\/div><div class=\"swiper-slide\" role=\"group\" aria-roledescription=\"slide\" aria-label=\"3 \/ 8\"><figure class=\"swiper-slide-inner\"><img decoding=\"async\" class=\"swiper-slide-image\" src=\"https:\/\/capebodrum.com\/wp-content\/uploads\/2022\/05\/cape-bodrum-luxury-holiday-escape-beach-min-5-1219x725.jpg\" alt=\"cape-bodrum-luxury-holiday-escape-beach-min-(5)\" \/><\/figure><\/div><div class=\"swiper-slide\" role=\"group\" aria-roledescription=\"slide\" aria-label=\"4 \/ 8\"><figure class=\"swiper-slide-inner\"><img decoding=\"async\" class=\"swiper-slide-image\" src=\"https:\/\/capebodrum.com\/wp-content\/uploads\/2022\/05\/cape-bodrum-luxury-holiday-escape-beach-min-7-1219x725.jpg\" alt=\"cape-bodrum-luxury-holiday-escape-beach-min-(7)\" \/><\/figure><\/div><div class=\"swiper-slide\" role=\"group\" aria-roledescription=\"slide\" aria-label=\"5 \/ 8\"><figure class=\"swiper-slide-inner\"><img decoding=\"async\" class=\"swiper-slide-image\" src=\"https:\/\/capebodrum.com\/wp-content\/uploads\/2022\/05\/cape-bodrum-luxury-holiday-escape-beach-min-8-1219x725.jpg\" alt=\"cape-bodrum-luxury-holiday-escape-beach-min-(8)\" \/><\/figure><\/div><div class=\"swiper-slide\" role=\"group\" aria-roledescription=\"slide\" aria-label=\"6 \/ 8\"><figure class=\"swiper-slide-inner\"><img decoding=\"async\" class=\"swiper-slide-image\" src=\"https:\/\/capebodrum.com\/wp-content\/uploads\/2022\/05\/cape-bodrum-luxury-holiday-escape-beach-min-9-1219x725.jpg\" alt=\"cape-bodrum-luxury-holiday-escape-beach-min-(9)\" \/><\/figure><\/div><div class=\"swiper-slide\" role=\"group\" aria-roledescription=\"slide\" aria-label=\"7 \/ 8\"><figure class=\"swiper-slide-inner\"><img decoding=\"async\" class=\"swiper-slide-image\" src=\"https:\/\/capebodrum.com\/wp-content\/uploads\/2022\/05\/cape-bodrum-luxury-holiday-escape-beach-min-12-1219x725.jpg\" alt=\"cape-bodrum-luxury-holiday-escape-beach-min-(12)\" \/><\/figure><\/div><div class=\"swiper-slide\" role=\"group\" aria-roledescription=\"slide\" aria-label=\"8 \/ 8\"><figure class=\"swiper-slide-inner\"><img decoding=\"async\" class=\"swiper-slide-image\" src=\"https:\/\/capebodrum.com\/wp-content\/uploads\/2022\/05\/cape-bodrum-luxury-holiday-escape-beach-min-13-1219x725.jpg\" alt=\"cape-bodrum-luxury-holiday-escape-beach-min-(13)\" \/><\/figure><\/div>\t\t\t<\/div>\n\t\t\t\t\t\t\t\t\t\t\t\t<div class=\"elementor-swiper-button elementor-swiper-button-prev\" role=\"button\" tabindex=\"0\">\n\t\t\t\t\t\t<i aria-hidden=\"true\" class=\"eicon-chevron-left\"><\/i>\t\t\t\t\t<\/div>\n\t\t\t\t\t<div class=\"elementor-swiper-button elementor-swiper-button-next\" role=\"button\" tabindex=\"0\">\n\t\t\t\t\t\t<i aria-hidden=\"true\" class=\"eicon-chevron-right\"><\/i>\t\t\t\t\t<\/div>\n\t\t\t\t\n\t\t\t\t\t\t\t\t\t<\/div>\n\t\t\t\t\t\t<\/div>\n\t\t\t\t<\/div>\n\t\t\t\t\t<\/div>\n\t\t<\/div>\n\t\t\t\t\t<\/div>\n\t\t<\/section>\n\t\t\t\t<section class=\"elementor-section elementor-top-section elementor-element elementor-element-008544d elementor-section-boxed elementor-section-height-default elementor-section-height-default sc_fly_static\" data-id=\"008544d\" data-element_type=\"section\" data-settings=\"{&quot;background_background&quot;:&quot;classic&quot;}\">\n\t\t\t\t\t\t<div class=\"elementor-container elementor-column-gap-extended\">\n\t\t\t\t\t<div class=\"elementor-column elementor-col-100 elementor-top-column elementor-element elementor-element-14bdc51 sc_inner_width_none sc_content_align_inherit sc_layouts_column_icons_position_left sc_fly_static\" data-id=\"14bdc51\" data-element_type=\"column\" data-settings=\"{&quot;background_background&quot;:&quot;classic&quot;}\">\n\t\t\t<div class=\"elementor-widget-wrap elementor-element-populated\">\n\t\t\t\t\t\t<div class=\"elementor-element elementor-element-0c0b7a3 sc_fly_static elementor-widget elementor-widget-heading\" data-id=\"0c0b7a3\" data-element_type=\"widget\" data-widget_type=\"heading.default\">\n\t\t\t\t<div class=\"elementor-widget-container\">\n\t\t\t\t\t<h3 class=\"elementor-heading-title elementor-size-default\">G\u00fcndo\u011fan'da tam bir bohem ka\u00e7amak...<\/h3>\t\t\t\t<\/div>\n\t\t\t\t<\/div>\n\t\t\t\t\t<\/div>\n\t\t<\/div>\n\t\t\t\t\t<\/div>\n\t\t<\/section>\n\t\t\t\t<section class=\"elementor-section elementor-top-section elementor-element elementor-element-d96ab8a scheme_light elementor-section-boxed elementor-section-height-default elementor-section-height-default sc_fly_static\" data-id=\"d96ab8a\" data-element_type=\"section\" data-settings=\"{&quot;background_background&quot;:&quot;classic&quot;}\">\n\t\t\t\t\t\t<div class=\"elementor-container elementor-column-gap-extended\">\n\t\t\t\t\t<div class=\"elementor-column elementor-col-100 elementor-top-column elementor-element elementor-element-8df8667 sc_inner_width_none sc_content_align_inherit sc_layouts_column_icons_position_left sc_fly_static\" data-id=\"8df8667\" data-element_type=\"column\">\n\t\t\t<div class=\"elementor-widget-wrap elementor-element-populated\">\n\t\t\t\t\t\t<div class=\"elementor-element elementor-element-e9138a7 sc_fly_static elementor-widget elementor-widget-text-editor\" data-id=\"e9138a7\" data-element_type=\"widget\" data-widget_type=\"text-editor.default\">\n\t\t\t\t<div class=\"elementor-widget-container\">\n\t\t\t\t\t\t\t\t\t<div class=\"text-block mt-2 mb-5\"><p style=\"text-align: left;\"><span style=\"color: #000000;\">\u0130mza kokteylerimizi bar\u0131m\u0131z\u0131n harika manzaras\u0131na kar\u015f\u0131 deneyimlerken, Escape Beach &amp; Lounge da DJ performanslar\u0131 veya canl\u0131 m\u00fczik e\u015fli\u011finde g\u00fcn bat\u0131m\u0131n\u0131n tad\u0131n\u0131n \u00e7\u0131kartabilirsiniz.<\/span><\/p><p style=\"text-align: left;\"><span style=\"color: #000000;\">Hizmet verdi\u011fimiz saatler:<br \/><\/span><span style=\"color: #000000;\">10:00 \u2013 00:00<\/span><\/p><p style=\"text-align: left;\"><span style=\"color: #000000;\">Rezervasyon<\/span><strong><span style=\"color: #000000;\"><br \/><\/span><\/strong><span style=\"color: #000000;\">+90 549 827 80 19<\/span><\/p><\/div><div class=\"image-block mt-2 mb-4\"><div class=\"image-slider flickity-enabled\" tabindex=\"0\" data-flickity=\"{ \"><div class=\"flickity-viewport\"><div class=\"flickity-slider\"><div class=\"image-slider-item is-selected\" style=\"text-align: left;\"><span style=\"color: #000000;\"><picture><source srcset=\"https:\/\/i2.wp.com\/capebodrum.com\/wp-content\/uploads\/2019\/09\/MLS_6153-Kopya-Kopya-2.jpg?resize=1200%2C600&amp;ssl=1\" media=\"(min-width: 481px)\" \/><\/picture><\/span><\/div><\/div><\/div><\/div><\/div>\t\t\t\t\t\t\t\t<\/div>\n\t\t\t\t<\/div>\n\t\t\t\t<div class=\"elementor-element elementor-element-49d576b sc_fly_static elementor-widget elementor-widget-image\" data-id=\"49d576b\" data-element_type=\"widget\" data-widget_type=\"image.default\">\n\t\t\t\t<div class=\"elementor-widget-container\">\n\t\t\t\t\t\t\t\t\t\t\t\t\t\t\t<img decoding=\"async\" width=\"1536\" height=\"1024\" src=\"https:\/\/capebodrum.com\/wp-content\/uploads\/2022\/05\/cape-bodrum-luxury-holiday-escape-beach-min-82-min.jpg\" class=\"attachment-1536x1536 size-1536x1536 wp-image-22333\" alt=\"\" srcset=\"https:\/\/capebodrum.com\/wp-content\/uploads\/2022\/05\/cape-bodrum-luxury-holiday-escape-beach-min-82-min.jpg 1536w, https:\/\/capebodrum.com\/wp-content\/uploads\/2022\/05\/cape-bodrum-luxury-holiday-escape-beach-min-82-min-300x200.jpg 300w, https:\/\/capebodrum.com\/wp-content\/uploads\/2022\/05\/cape-bodrum-luxury-holiday-escape-beach-min-82-min-1024x683.jpg 1024w, https:\/\/capebodrum.com\/wp-content\/uploads\/2022\/05\/cape-bodrum-luxury-holiday-escape-beach-min-82-min-768x512.jpg 768w, https:\/\/capebodrum.com\/wp-content\/uploads\/2022\/05\/cape-bodrum-luxury-holiday-escape-beach-min-82-min-370x247.jpg 370w, https:\/\/capebodrum.com\/wp-content\/uploads\/2022\/05\/cape-bodrum-luxury-holiday-escape-beach-min-82-min-840x560.jpg 840w, https:\/\/capebodrum.com\/wp-content\/uploads\/2022\/05\/cape-bodrum-luxury-holiday-escape-beach-min-82-min-410x273.jpg 410w\" sizes=\"(max-width: 1536px) 100vw, 1536px\" \/>\t\t\t\t\t\t\t\t\t\t\t\t\t\t\t<\/div>\n\t\t\t\t<\/div>\n\t\t\t\t<div class=\"elementor-element elementor-element-1ded52b sc_height_huge sc_fly_static elementor-widget elementor-widget-spacer\" data-id=\"1ded52b\" data-element_type=\"widget\" data-widget_type=\"spacer.default\">\n\t\t\t\t<div class=\"elementor-widget-container\">\n\t\t\t\t\t\t\t<div class=\"elementor-spacer\">\n\t\t\t<div class=\"elementor-spacer-inner\"><\/div>\n\t\t<\/div>\n\t\t\t\t\t\t<\/div>\n\t\t\t\t<\/div>\n\t\t\t\t\t<\/div>\n\t\t<\/div>\n\t\t\t\t\t<\/div>\n\t\t<\/section>\n\t\t\t\t<section class=\"elementor-section elementor-top-section elementor-element elementor-element-27a66df elementor-section-boxed elementor-section-height-default elementor-section-height-default sc_fly_static\" data-id=\"27a66df\" data-element_type=\"section\">\n\t\t\t\t\t\t<div class=\"elementor-container elementor-column-gap-extended\">\n\t\t\t\t\t<div class=\"elementor-column elementor-col-100 elementor-top-column elementor-element elementor-element-5e3cc1f sc_inner_width_none sc_content_align_inherit sc_layouts_column_icons_position_left sc_fly_static\" data-id=\"5e3cc1f\" data-element_type=\"column\">\n\t\t\t<div class=\"elementor-widget-wrap elementor-element-populated\">\n\t\t\t\t\t\t<div class=\"elementor-element elementor-element-711f13b sc_fly_static elementor-widget elementor-widget-html\" data-id=\"711f13b\" data-element_type=\"widget\" data-widget_type=\"html.default\">\n\t\t\t\t<div class=\"elementor-widget-container\">\n\t\t\t\t\t<script src='https:\/\/www.thehotelsnetwork.com\/js\/hotel_price_widget.js? hotel_id=1722369&property_id=1037368&account_key=7C1C17038DEB419A184EBFDAEC4157 D6' async><\/script>\t\t\t\t<\/div>\n\t\t\t\t<\/div>\n\t\t\t\t\t<\/div>\n\t\t<\/div>\n\t\t\t\t\t<\/div>\n\t\t<\/section>\n\t\t\t\t<\/div>","protected":false},"excerpt":{"rendered":"<p>Our beach with pristine waters offers sunbathing and relaxation at its best. This idyllic scene is complemented by soft music and delicacies offered. Previous Next A perfect bohemian hideaway at&hellip;<\/p>","protected":false},"author":1,"featured_media":0,"parent":0,"menu_order":0,"comment_status":"closed","ping_status":"closed","template":"","meta":{"footnotes":""},"class_list":["post-22310","page","type-page","status-publish","hentry"],"_links":{"self":[{"href":"https:\/\/capebodrum.com\/tr\/wp-json\/wp\/v2\/pages\/22310","targetHints":{"allow":["GET"]}}],"collection":[{"href":"https:\/\/capebodrum.com\/tr\/wp-json\/wp\/v2\/pages"}],"about":[{"href":"https:\/\/capebodrum.com\/tr\/wp-json\/wp\/v2\/types\/page"}],"author":[{"embeddable":true,"href":"https:\/\/capebodrum.com\/tr\/wp-json\/wp\/v2\/users\/1"}],"replies":[{"embeddable":true,"href":"https:\/\/capebodrum.com\/tr\/wp-json\/wp\/v2\/comments?post=22310"}],"version-history":[{"count":64,"href":"https:\/\/capebodrum.com\/tr\/wp-json\/wp\/v2\/pages\/22310\/revisions"}],"predecessor-version":[{"id":23514,"href":"https:\/\/capebodrum.com\/tr\/wp-json\/wp\/v2\/pages\/22310\/revisions\/23514"}],"wp:attachment":[{"href":"https:\/\/capebodrum.com\/tr\/wp-json\/wp\/v2\/media?parent=22310"}],"curies":[{"name":"wp","href":"https:\/\/api.w.org\/{rel}","templated":true}]}}