{"id":22684,"date":"2022-05-18T04:30:08","date_gmt":"2022-05-18T04:30:08","guid":{"rendered":"https:\/\/capebodrum.com\/?page_id=22684"},"modified":"2022-06-30T14:22:34","modified_gmt":"2022-06-30T14:22:34","slug":"press","status":"publish","type":"page","link":"https:\/\/capebodrum.com\/tr\/press\/","title":{"rendered":"Bas\u0131n"},"content":{"rendered":"<div data-elementor-type=\"wp-page\" data-elementor-id=\"22684\" class=\"elementor elementor-22684\">\n\t\t\t\t\t\t<section class=\"elementor-section elementor-top-section elementor-element elementor-element-0a4d5c4 elementor-section-boxed elementor-section-height-default elementor-section-height-default sc_fly_static\" data-id=\"0a4d5c4\" data-element_type=\"section\">\n\t\t\t\t\t\t<div class=\"elementor-container elementor-column-gap-extended\">\n\t\t\t\t\t<div class=\"elementor-column elementor-col-100 elementor-top-column elementor-element elementor-element-8f70c3c sc_inner_width_none sc_content_align_inherit sc_layouts_column_icons_position_left sc_fly_static\" data-id=\"8f70c3c\" data-element_type=\"column\">\n\t\t\t<div class=\"elementor-widget-wrap\">\n\t\t\t\t\t\t\t<\/div>\n\t\t<\/div>\n\t\t\t\t\t<\/div>\n\t\t<\/section>\n\t\t\t\t<section class=\"elementor-section elementor-top-section elementor-element elementor-element-c28d796 elementor-section-boxed elementor-section-height-default elementor-section-height-default sc_fly_static\" data-id=\"c28d796\" data-element_type=\"section\">\n\t\t\t\t\t\t<div class=\"elementor-container elementor-column-gap-extended\">\n\t\t\t\t\t<div class=\"elementor-column elementor-col-50 elementor-top-column elementor-element elementor-element-78978eb sc_inner_width_none sc_content_align_inherit sc_layouts_column_icons_position_left sc_fly_static\" data-id=\"78978eb\" data-element_type=\"column\">\n\t\t\t<div class=\"elementor-widget-wrap elementor-element-populated\">\n\t\t\t\t\t\t<div class=\"elementor-element elementor-element-f6f209d sc_fly_static elementor-widget elementor-widget-image\" data-id=\"f6f209d\" data-element_type=\"widget\" data-widget_type=\"image.default\">\n\t\t\t\t<div class=\"elementor-widget-container\">\n\t\t\t\t\t\t\t\t\t\t\t\t\t\t\t<img fetchpriority=\"high\" decoding=\"async\" width=\"650\" height=\"1106\" src=\"https:\/\/capebodrum.com\/wp-content\/uploads\/2022\/05\/1-Hurriyet_Kelebek-BODRUMA_BUTIK_TURUM_ANLAYISI_YAKISIR-07.jpg\" class=\"attachment-2048x2048 size-2048x2048 wp-image-22686\" alt=\"\" srcset=\"https:\/\/capebodrum.com\/wp-content\/uploads\/2022\/05\/1-Hurriyet_Kelebek-BODRUMA_BUTIK_TURUM_ANLAYISI_YAKISIR-07.jpg 650w, https:\/\/capebodrum.com\/wp-content\/uploads\/2022\/05\/1-Hurriyet_Kelebek-BODRUMA_BUTIK_TURUM_ANLAYISI_YAKISIR-07-176x300.jpg 176w, https:\/\/capebodrum.com\/wp-content\/uploads\/2022\/05\/1-Hurriyet_Kelebek-BODRUMA_BUTIK_TURUM_ANLAYISI_YAKISIR-07-602x1024.jpg 602w, https:\/\/capebodrum.com\/wp-content\/uploads\/2022\/05\/1-Hurriyet_Kelebek-BODRUMA_BUTIK_TURUM_ANLAYISI_YAKISIR-07-7x12.jpg 7w, https:\/\/capebodrum.com\/wp-content\/uploads\/2022\/05\/1-Hurriyet_Kelebek-BODRUMA_BUTIK_TURUM_ANLAYISI_YAKISIR-07-370x630.jpg 370w, https:\/\/capebodrum.com\/wp-content\/uploads\/2022\/05\/1-Hurriyet_Kelebek-BODRUMA_BUTIK_TURUM_ANLAYISI_YAKISIR-07-410x698.jpg 410w\" sizes=\"(max-width: 650px) 100vw, 650px\" \/>\t\t\t\t\t\t\t\t\t\t\t\t\t\t\t<\/div>\n\t\t\t\t<\/div>\n\t\t\t\t\t<\/div>\n\t\t<\/div>\n\t\t\t\t<div class=\"elementor-column elementor-col-50 elementor-top-column elementor-element elementor-element-d55cf00 sc_inner_width_none sc_content_align_inherit sc_layouts_column_icons_position_left sc_fly_static\" data-id=\"d55cf00\" data-element_type=\"column\">\n\t\t\t<div class=\"elementor-widget-wrap elementor-element-populated\">\n\t\t\t\t\t\t<div class=\"elementor-element elementor-element-ba1d1c7 sc_fly_static elementor-widget elementor-widget-trx_sc_title\" data-id=\"ba1d1c7\" data-element_type=\"widget\" data-widget_type=\"trx_sc_title.default\">\n\t\t\t\t<div class=\"elementor-widget-container\">\n\t\t\t\t\t<div\t\tclass=\"sc_title sc_title_default\" ><h4 class=\"sc_item_title sc_title_title sc_align_center sc_item_title_style_default sc_item_title_tag\"\n\t\t\t><span class=\"sc_item_title_text\">Haberin Dijital Versiyonu \u0130\u00e7in T\u0131klay\u0131n<\/span><\/h4><\/div>\t\t\t\t<\/div>\n\t\t\t\t<\/div>\n\t\t\t\t<div class=\"elementor-element elementor-element-e72d7c5 sc_fly_static elementor-widget elementor-widget-text-editor\" data-id=\"e72d7c5\" data-element_type=\"widget\" data-widget_type=\"text-editor.default\">\n\t\t\t\t<div class=\"elementor-widget-container\">\n\t\t\t\t\t\t\t\t\t<p style=\"text-align: center;\"><a href=\"https:\/\/www.hurriyet.com.tr\/yazarlar\/muge-akgun\/bodruma-butik-turizm-anlayisi-yakisir-42057438\" target=\"_blank\" rel=\"noopener\"><strong>https:\/\/www.hurriyet.com.tr\/yazarlar\/muge-akgun\/bodruma-butik-turizm-anlayisi-yakisir-42057438<\/strong><\/a><\/p>\t\t\t\t\t\t\t\t<\/div>\n\t\t\t\t<\/div>\n\t\t\t\t\t<\/div>\n\t\t<\/div>\n\t\t\t\t\t<\/div>\n\t\t<\/section>\n\t\t\t\t<section class=\"elementor-section elementor-top-section elementor-element elementor-element-afd2dc0 elementor-section-full_width elementor-section-height-default elementor-section-height-default sc_fly_static\" data-id=\"afd2dc0\" data-element_type=\"section\">\n\t\t\t\t\t\t<div class=\"elementor-container elementor-column-gap-extended\">\n\t\t\t\t\t<div class=\"elementor-column elementor-col-100 elementor-top-column elementor-element elementor-element-e719618 sc_inner_width_none sc_content_align_inherit sc_layouts_column_icons_position_left sc_fly_static\" data-id=\"e719618\" data-element_type=\"column\">\n\t\t\t<div class=\"elementor-widget-wrap\">\n\t\t\t\t\t\t\t<\/div>\n\t\t<\/div>\n\t\t\t\t\t<\/div>\n\t\t<\/section>\n\t\t\t\t<section class=\"elementor-section elementor-top-section elementor-element elementor-element-45ba593 elementor-section-boxed elementor-section-height-default elementor-section-height-default sc_fly_static\" data-id=\"45ba593\" data-element_type=\"section\">\n\t\t\t\t\t\t<div class=\"elementor-container elementor-column-gap-extended\">\n\t\t\t\t\t<div class=\"elementor-column elementor-col-100 elementor-top-column elementor-element elementor-element-f03bb2d sc_inner_width_none sc_content_align_inherit sc_layouts_column_icons_position_left sc_fly_static\" data-id=\"f03bb2d\" data-element_type=\"column\">\n\t\t\t<div class=\"elementor-widget-wrap elementor-element-populated\">\n\t\t\t\t\t\t<div class=\"elementor-element elementor-element-effc4d0 sc_fly_static elementor-widget elementor-widget-html\" data-id=\"effc4d0\" data-element_type=\"widget\" data-widget_type=\"html.default\">\n\t\t\t\t<div class=\"elementor-widget-container\">\n\t\t\t\t\t<script src='https:\/\/www.thehotelsnetwork.com\/js\/hotel_price_widget.js? hotel_id=1722369&property_id=1037368&account_key=7C1C17038DEB419A184EBFDAEC4157 D6' async><\/script>\t\t\t\t<\/div>\n\t\t\t\t<\/div>\n\t\t\t\t\t<\/div>\n\t\t<\/div>\n\t\t\t\t\t<\/div>\n\t\t<\/section>\n\t\t\t\t<\/div>","protected":false},"excerpt":{"rendered":"<p>Check The Full Article https:\/\/www.hurriyet.com.tr\/yazarlar\/muge-akgun\/bodruma-butik-turizm-anlayisi-yakisir-42057438<\/p>","protected":false},"author":1,"featured_media":0,"parent":0,"menu_order":0,"comment_status":"closed","ping_status":"closed","template":"","meta":{"footnotes":""},"class_list":["post-22684","page","type-page","status-publish","hentry"],"_links":{"self":[{"href":"https:\/\/capebodrum.com\/tr\/wp-json\/wp\/v2\/pages\/22684","targetHints":{"allow":["GET"]}}],"collection":[{"href":"https:\/\/capebodrum.com\/tr\/wp-json\/wp\/v2\/pages"}],"about":[{"href":"https:\/\/capebodrum.com\/tr\/wp-json\/wp\/v2\/types\/page"}],"author":[{"embeddable":true,"href":"https:\/\/capebodrum.com\/tr\/wp-json\/wp\/v2\/users\/1"}],"replies":[{"embeddable":true,"href":"https:\/\/capebodrum.com\/tr\/wp-json\/wp\/v2\/comments?post=22684"}],"version-history":[{"count":10,"href":"https:\/\/capebodrum.com\/tr\/wp-json\/wp\/v2\/pages\/22684\/revisions"}],"predecessor-version":[{"id":22862,"href":"https:\/\/capebodrum.com\/tr\/wp-json\/wp\/v2\/pages\/22684\/revisions\/22862"}],"wp:attachment":[{"href":"https:\/\/capebodrum.com\/tr\/wp-json\/wp\/v2\/media?parent=22684"}],"curies":[{"name":"wp","href":"https:\/\/api.w.org\/{rel}","templated":true}]}}