{"id":22894,"date":"2022-09-10T05:36:13","date_gmt":"2022-09-10T05:36:13","guid":{"rendered":"https:\/\/capebodrum.com\/?page_id=22894"},"modified":"2023-06-14T16:25:59","modified_gmt":"2023-06-14T16:25:59","slug":"bluwell-spa-bodrum","status":"publish","type":"page","link":"https:\/\/capebodrum.com\/tr\/bluwell-spa-bodrum\/","title":{"rendered":"Bluwell Spa &#038; Sports"},"content":{"rendered":"<div data-elementor-type=\"wp-page\" data-elementor-id=\"22894\" class=\"elementor elementor-22894\">\n\t\t\t\t\t\t<section class=\"elementor-section elementor-top-section elementor-element elementor-element-5555569 elementor-section-boxed elementor-section-height-default elementor-section-height-default sc_fly_static\" data-id=\"5555569\" data-element_type=\"section\" data-settings=\"{&quot;background_background&quot;:&quot;classic&quot;}\">\n\t\t\t\t\t\t<div class=\"elementor-container elementor-column-gap-extended\">\n\t\t\t\t\t<div class=\"elementor-column elementor-col-100 elementor-top-column elementor-element elementor-element-4c9bb5f sc_inner_width_none sc_content_align_inherit sc_layouts_column_icons_position_left sc_fly_static\" data-id=\"4c9bb5f\" data-element_type=\"column\">\n\t\t\t<div class=\"elementor-widget-wrap elementor-element-populated\">\n\t\t\t\t\t\t<div class=\"elementor-element elementor-element-2f289c8 sc_height_huge sc_fly_static elementor-widget elementor-widget-spacer\" data-id=\"2f289c8\" data-element_type=\"widget\" data-widget_type=\"spacer.default\">\n\t\t\t\t<div class=\"elementor-widget-container\">\n\t\t\t\t\t\t\t<div class=\"elementor-spacer\">\n\t\t\t<div class=\"elementor-spacer-inner\"><\/div>\n\t\t<\/div>\n\t\t\t\t\t\t<\/div>\n\t\t\t\t<\/div>\n\t\t\t\t\t<\/div>\n\t\t<\/div>\n\t\t\t\t\t<\/div>\n\t\t<\/section>\n\t\t\t\t<section class=\"elementor-section elementor-top-section elementor-element elementor-element-715a7e0 elementor-section-boxed elementor-section-height-default elementor-section-height-default sc_fly_static\" data-id=\"715a7e0\" data-element_type=\"section\" data-settings=\"{&quot;background_background&quot;:&quot;classic&quot;}\">\n\t\t\t\t\t\t<div class=\"elementor-container elementor-column-gap-extended\">\n\t\t\t\t\t<div class=\"elementor-column elementor-col-100 elementor-top-column elementor-element elementor-element-5a977b7 sc_inner_width_none sc_content_align_inherit sc_layouts_column_icons_position_left sc_fly_static\" data-id=\"5a977b7\" data-element_type=\"column\" data-settings=\"{&quot;background_background&quot;:&quot;classic&quot;}\">\n\t\t\t<div class=\"elementor-widget-wrap elementor-element-populated\">\n\t\t\t\t\t\t<div class=\"elementor-element elementor-element-44c3d2d sc_fly_static elementor-widget elementor-widget-image\" data-id=\"44c3d2d\" data-element_type=\"widget\" data-widget_type=\"image.default\">\n\t\t\t\t<div class=\"elementor-widget-container\">\n\t\t\t\t\t\t\t\t\t\t\t\t\t\t\t<img fetchpriority=\"high\" decoding=\"async\" width=\"1024\" height=\"512\" src=\"https:\/\/capebodrum.com\/wp-content\/uploads\/2022\/09\/bluewell_logo-01-1024x512.png\" class=\"attachment-large size-large wp-image-22945\" alt=\"\" srcset=\"https:\/\/capebodrum.com\/wp-content\/uploads\/2022\/09\/bluewell_logo-01-1024x512.png 1024w, https:\/\/capebodrum.com\/wp-content\/uploads\/2022\/09\/bluewell_logo-01-300x150.png 300w, https:\/\/capebodrum.com\/wp-content\/uploads\/2022\/09\/bluewell_logo-01-768x384.png 768w, https:\/\/capebodrum.com\/wp-content\/uploads\/2022\/09\/bluewell_logo-01-18x9.png 18w, https:\/\/capebodrum.com\/wp-content\/uploads\/2022\/09\/bluewell_logo-01-370x185.png 370w, https:\/\/capebodrum.com\/wp-content\/uploads\/2022\/09\/bluewell_logo-01-840x420.png 840w, https:\/\/capebodrum.com\/wp-content\/uploads\/2022\/09\/bluewell_logo-01-410x205.png 410w, https:\/\/capebodrum.com\/wp-content\/uploads\/2022\/09\/bluewell_logo-01.png 1181w\" sizes=\"(max-width: 1024px) 100vw, 1024px\" \/>\t\t\t\t\t\t\t\t\t\t\t\t\t\t\t<\/div>\n\t\t\t\t<\/div>\n\t\t\t\t\t<\/div>\n\t\t<\/div>\n\t\t\t\t\t<\/div>\n\t\t<\/section>\n\t\t\t\t<section class=\"elementor-section elementor-top-section elementor-element elementor-element-0a7c088 scheme_light elementor-section-boxed elementor-section-height-default elementor-section-height-default sc_fly_static\" data-id=\"0a7c088\" data-element_type=\"section\" data-settings=\"{&quot;background_background&quot;:&quot;classic&quot;}\">\n\t\t\t\t\t\t<div class=\"elementor-container elementor-column-gap-extended\">\n\t\t\t\t\t<div class=\"elementor-column elementor-col-50 elementor-top-column elementor-element elementor-element-1c3cf8b sc_inner_width_none sc_content_align_inherit sc_layouts_column_icons_position_left sc_fly_static\" data-id=\"1c3cf8b\" data-element_type=\"column\">\n\t\t\t<div class=\"elementor-widget-wrap elementor-element-populated\">\n\t\t\t\t\t\t<div class=\"elementor-element elementor-element-d72716e sc_fly_static elementor-widget elementor-widget-trx_sc_title\" data-id=\"d72716e\" data-element_type=\"widget\" data-widget_type=\"trx_sc_title.default\">\n\t\t\t\t<div class=\"elementor-widget-container\">\n\t\t\t\t\t<div\t\tclass=\"sc_title sc_title_default\" ><h2 class=\"sc_item_title sc_title_title sc_item_title_style_default trx_addons_inline_308886895\"\n\t\t\t><span class=\"sc_item_title_text\">Zihninizi rahatlat\u0131n, v\u00fccudunuzu yenileyin<\/span><\/h2><\/div>\t\t\t\t<\/div>\n\t\t\t\t<\/div>\n\t\t\t\t<section class=\"elementor-section elementor-inner-section elementor-element elementor-element-6023091 elementor-section-boxed elementor-section-height-default elementor-section-height-default sc_fly_static\" data-id=\"6023091\" data-element_type=\"section\">\n\t\t\t\t\t\t<div class=\"elementor-container elementor-column-gap-no\">\n\t\t\t\t\t<div class=\"elementor-column elementor-col-66 elementor-inner-column elementor-element elementor-element-4e24d94 sc_inner_width_none sc_content_align_inherit sc_layouts_column_icons_position_left sc_fly_static\" data-id=\"4e24d94\" data-element_type=\"column\">\n\t\t\t<div class=\"elementor-widget-wrap elementor-element-populated\">\n\t\t\t\t\t\t<div class=\"elementor-element elementor-element-1569eb0 no-title sc_fly_static elementor-widget elementor-widget-image\" data-id=\"1569eb0\" data-element_type=\"widget\" data-widget_type=\"image.default\">\n\t\t\t\t<div class=\"elementor-widget-container\">\n\t\t\t\t\t\t\t\t\t\t\t\t\t\t\t<img decoding=\"async\" src=\"https:\/\/capebodrum.com\/wp-content\/uploads\/elementor\/thumbs\/Bluwell-spa-cape-bodrum-com-3-qt6i1ch33x1rmavw63mkldjctxxghwpxm51vk6d0uc.jpg\" title=\"Bluwell-spa-cape-bodrum-com-3\" alt=\"Bluwell-spa-cape-bodrum-com-3\" loading=\"lazy\" \/>\t\t\t\t\t\t\t\t\t\t\t\t\t\t\t<\/div>\n\t\t\t\t<\/div>\n\t\t\t\t<div class=\"elementor-element elementor-element-7e233a9 sc_layouts_hide_on_mobile sc_layouts_hide_on_tablet sc_fly_static elementor-widget elementor-widget-spacer\" data-id=\"7e233a9\" data-element_type=\"widget\" data-widget_type=\"spacer.default\">\n\t\t\t\t<div class=\"elementor-widget-container\">\n\t\t\t\t\t\t\t<div class=\"elementor-spacer\">\n\t\t\t<div class=\"elementor-spacer-inner\"><\/div>\n\t\t<\/div>\n\t\t\t\t\t\t<\/div>\n\t\t\t\t<\/div>\n\t\t\t\t\t<\/div>\n\t\t<\/div>\n\t\t\t\t<div class=\"elementor-column elementor-col-33 elementor-inner-column elementor-element elementor-element-154f8a1 sc_inner_width_none sc_content_align_inherit sc_layouts_column_icons_position_left sc_fly_static\" data-id=\"154f8a1\" data-element_type=\"column\">\n\t\t\t<div class=\"elementor-widget-wrap\">\n\t\t\t\t\t\t\t<\/div>\n\t\t<\/div>\n\t\t\t\t\t<\/div>\n\t\t<\/section>\n\t\t\t\t\t<\/div>\n\t\t<\/div>\n\t\t\t\t<div class=\"elementor-column elementor-col-50 elementor-top-column elementor-element elementor-element-59f0f80 sc_inner_width_none sc_content_align_inherit sc_layouts_column_icons_position_left sc_fly_static\" data-id=\"59f0f80\" data-element_type=\"column\">\n\t\t\t<div class=\"elementor-widget-wrap elementor-element-populated\">\n\t\t\t\t\t\t<div class=\"elementor-element elementor-element-c33aef2 no-title sc_fly_static elementor-widget elementor-widget-image\" data-id=\"c33aef2\" data-element_type=\"widget\" data-widget_type=\"image.default\">\n\t\t\t\t<div class=\"elementor-widget-container\">\n\t\t\t\t\t\t\t\t\t\t\t\t\t\t\t<img decoding=\"async\" src=\"https:\/\/capebodrum.com\/wp-content\/uploads\/elementor\/thumbs\/Bluwell-spa-cape-bodrum-com-qt6i1ch790x0l9jveq0ue86rxnydjeh2relu8ot400.jpg\" title=\"Bluwell-spa-cape-bodrum-com\" alt=\"Bluwell-spa-cape-bodrum-com\" loading=\"lazy\" \/>\t\t\t\t\t\t\t\t\t\t\t\t\t\t\t<\/div>\n\t\t\t\t<\/div>\n\t\t\t\t<div class=\"elementor-element elementor-element-4daab75 sc_height_tiny sc_fly_static elementor-widget elementor-widget-spacer\" data-id=\"4daab75\" data-element_type=\"widget\" data-widget_type=\"spacer.default\">\n\t\t\t\t<div class=\"elementor-widget-container\">\n\t\t\t\t\t\t\t<div class=\"elementor-spacer\">\n\t\t\t<div class=\"elementor-spacer-inner\"><\/div>\n\t\t<\/div>\n\t\t\t\t\t\t<\/div>\n\t\t\t\t<\/div>\n\t\t\t\t<div class=\"elementor-element elementor-element-2cbf91e sc_fly_static elementor-widget elementor-widget-text-editor\" data-id=\"2cbf91e\" data-element_type=\"widget\" data-widget_type=\"text-editor.default\">\n\t\t\t\t<div class=\"elementor-widget-container\">\n\t\t\t\t\t\t\t\t\t<p>Sa\u011fl\u0131k, sadece v\u00fccudunuzla ilgili de\u011fil; V\u00fccut, ruh ve zihin  bir b\u00fct\u00fcnd\u00fcr.\u00a0<\/p><p>ve <b>BluWell SPA<\/b>, you will find balance and calmness through our\u00a0 unique combination of practices in an atmosphere centered on relaxation and inner energy.<\/p>\t\t\t\t\t\t\t\t<\/div>\n\t\t\t\t<\/div>\n\t\t\t\t\t<\/div>\n\t\t<\/div>\n\t\t\t\t\t<\/div>\n\t\t<\/section>\n\t\t\t\t<section class=\"elementor-section elementor-top-section elementor-element elementor-element-e81f59a elementor-section-boxed elementor-section-height-default elementor-section-height-default sc_fly_static\" data-id=\"e81f59a\" data-element_type=\"section\">\n\t\t\t\t\t\t<div class=\"elementor-container elementor-column-gap-extended\">\n\t\t\t\t\t<div class=\"elementor-column elementor-col-100 elementor-top-column elementor-element elementor-element-92dc471 sc_inner_width_none sc_content_align_inherit sc_layouts_column_icons_position_left sc_fly_static\" data-id=\"92dc471\" data-element_type=\"column\">\n\t\t\t<div class=\"elementor-widget-wrap elementor-element-populated\">\n\t\t\t\t\t\t<div class=\"elementor-element elementor-element-959d2b8 sc_height_tiny elementor-widget-divider--view-line sc_fly_static elementor-widget elementor-widget-divider\" data-id=\"959d2b8\" data-element_type=\"widget\" data-widget_type=\"divider.default\">\n\t\t\t\t<div class=\"elementor-widget-container\">\n\t\t\t\t\t\t\t<div class=\"elementor-divider\">\n\t\t\t<span class=\"elementor-divider-separator\">\n\t\t\t\t\t\t<\/span>\n\t\t<\/div>\n\t\t\t\t\t\t<\/div>\n\t\t\t\t<\/div>\n\t\t\t\t\t<\/div>\n\t\t<\/div>\n\t\t\t\t\t<\/div>\n\t\t<\/section>\n\t\t\t\t<section class=\"elementor-section elementor-top-section elementor-element elementor-element-b67067e scheme_light elementor-section-boxed elementor-section-height-default elementor-section-height-default sc_fly_static\" data-id=\"b67067e\" data-element_type=\"section\" data-settings=\"{&quot;background_background&quot;:&quot;classic&quot;}\">\n\t\t\t\t\t\t<div class=\"elementor-container elementor-column-gap-extended\">\n\t\t\t\t\t<div class=\"elementor-column elementor-col-50 elementor-top-column elementor-element elementor-element-a1feba2 sc_inner_width_none sc_content_align_inherit sc_layouts_column_icons_position_left sc_fly_static\" data-id=\"a1feba2\" data-element_type=\"column\">\n\t\t\t<div class=\"elementor-widget-wrap elementor-element-populated\">\n\t\t\t\t\t\t<div class=\"elementor-element elementor-element-bbef9de sc_fly_static elementor-widget elementor-widget-text-editor\" data-id=\"bbef9de\" data-element_type=\"widget\" data-widget_type=\"text-editor.default\">\n\t\t\t\t<div class=\"elementor-widget-container\">\n\t\t\t\t\t\t\t\t\t<p style=\"text-align: left;\">Bu da hem bedeninizi hem ruhunuzu hem de zihninizi bir b\u00fct\u00fcn olarak g\u00f6rmenizi sa\u011flar ve size bizi \u201cBodrum'da asla ka\u00e7\u0131r\u0131lmayacak bir deneyim\u201d sunar.<\/p><p style=\"text-align: left;\">We are here to presen our nuance for you to create welness and spa moments to remember. Come and meet us.<\/p>\t\t\t\t\t\t\t\t<\/div>\n\t\t\t\t<\/div>\n\t\t\t\t<section class=\"elementor-section elementor-inner-section elementor-element elementor-element-b862959 elementor-section-boxed elementor-section-height-default elementor-section-height-default sc_fly_static\" data-id=\"b862959\" data-element_type=\"section\">\n\t\t\t\t\t\t<div class=\"elementor-container elementor-column-gap-no\">\n\t\t\t\t\t<div class=\"elementor-column elementor-col-100 elementor-inner-column elementor-element elementor-element-fb7b4cf sc_inner_width_none sc_content_align_inherit sc_layouts_column_icons_position_left sc_fly_static\" data-id=\"fb7b4cf\" data-element_type=\"column\">\n\t\t\t<div class=\"elementor-widget-wrap elementor-element-populated\">\n\t\t\t\t\t\t<div class=\"elementor-element elementor-element-81bdb28 sc_layouts_hide_on_mobile sc_layouts_hide_on_tablet sc_height_small sc_fly_static elementor-widget elementor-widget-spacer\" data-id=\"81bdb28\" data-element_type=\"widget\" data-widget_type=\"spacer.default\">\n\t\t\t\t<div class=\"elementor-widget-container\">\n\t\t\t\t\t\t\t<div class=\"elementor-spacer\">\n\t\t\t<div class=\"elementor-spacer-inner\"><\/div>\n\t\t<\/div>\n\t\t\t\t\t\t<\/div>\n\t\t\t\t<\/div>\n\t\t\t\t<div class=\"elementor-element elementor-element-8dd9bfe no-title sc_fly_static elementor-widget elementor-widget-image\" data-id=\"8dd9bfe\" data-element_type=\"widget\" data-widget_type=\"image.default\">\n\t\t\t\t<div class=\"elementor-widget-container\">\n\t\t\t\t\t\t\t\t\t\t\t\t\t\t\t<img decoding=\"async\" src=\"https:\/\/capebodrum.com\/wp-content\/uploads\/elementor\/thumbs\/Bluwell-spa-cape-bodrum-com-5-qt6i1ch4brtahrarnalt231p94md48rrccuigueaek.jpg\" title=\"Bluwell-spa-cape-bodrum-com-5\" alt=\"Bluwell-spa-cape-bodrum-com-5\" loading=\"lazy\" \/>\t\t\t\t\t\t\t\t\t\t\t\t\t\t\t<\/div>\n\t\t\t\t<\/div>\n\t\t\t\t\t<\/div>\n\t\t<\/div>\n\t\t\t\t\t<\/div>\n\t\t<\/section>\n\t\t\t\t\t<\/div>\n\t\t<\/div>\n\t\t\t\t<div class=\"elementor-column elementor-col-50 elementor-top-column elementor-element elementor-element-d257c1b sc_inner_width_none sc_content_align_inherit sc_layouts_column_icons_position_left sc_fly_static\" data-id=\"d257c1b\" data-element_type=\"column\">\n\t\t\t<div class=\"elementor-widget-wrap elementor-element-populated\">\n\t\t\t\t\t\t<div class=\"elementor-element elementor-element-a280b7f no-title sc_fly_static elementor-widget elementor-widget-image\" data-id=\"a280b7f\" data-element_type=\"widget\" data-widget_type=\"image.default\">\n\t\t\t\t<div class=\"elementor-widget-container\">\n\t\t\t\t\t\t\t\t\t\t\t\t\t\t\t<img decoding=\"async\" src=\"https:\/\/capebodrum.com\/wp-content\/uploads\/elementor\/thumbs\/Bluwell-spa-cape-bodrum-com-2-qt6i1ch790x0l9jveq0ue86rxnydjeh2relu8ot400.jpg\" title=\"Bluwell-spa-cape-bodrum-com-2\" alt=\"Bluwell-spa-cape-bodrum-com-2\" loading=\"lazy\" \/>\t\t\t\t\t\t\t\t\t\t\t\t\t\t\t<\/div>\n\t\t\t\t<\/div>\n\t\t\t\t<div class=\"elementor-element elementor-element-448f67b sc_fly_static elementor-widget elementor-widget-trx_sc_title\" data-id=\"448f67b\" data-element_type=\"widget\" data-widget_type=\"trx_sc_title.default\">\n\t\t\t\t<div class=\"elementor-widget-container\">\n\t\t\t\t\t<div\t\tclass=\"sc_title sc_title_default\" ><h2 class=\"sc_item_title sc_title_title sc_item_title_style_default trx_addons_inline_1020071786\"\n\t\t\t><span class=\"sc_item_title_text\">Ruhunun derinliklerinde kendi bul<\/span><\/h2><\/div>\t\t\t\t<\/div>\n\t\t\t\t<\/div>\n\t\t\t\t<div class=\"elementor-element elementor-element-ea6e353 sc_height_small sc_fly_static elementor-widget elementor-widget-spacer\" data-id=\"ea6e353\" data-element_type=\"widget\" data-widget_type=\"spacer.default\">\n\t\t\t\t<div class=\"elementor-widget-container\">\n\t\t\t\t\t\t\t<div class=\"elementor-spacer\">\n\t\t\t<div class=\"elementor-spacer-inner\"><\/div>\n\t\t<\/div>\n\t\t\t\t\t\t<\/div>\n\t\t\t\t<\/div>\n\t\t\t\t\t<\/div>\n\t\t<\/div>\n\t\t\t\t\t<\/div>\n\t\t<\/section>\n\t\t\t\t<section class=\"elementor-section elementor-top-section elementor-element elementor-element-2ec7b45 elementor-section-boxed elementor-section-height-default elementor-section-height-default sc_fly_static\" data-id=\"2ec7b45\" data-element_type=\"section\" data-settings=\"{&quot;background_background&quot;:&quot;classic&quot;}\">\n\t\t\t\t\t\t<div class=\"elementor-container elementor-column-gap-extended\">\n\t\t\t\t\t<div class=\"elementor-column elementor-col-100 elementor-top-column elementor-element elementor-element-7a88aed sc_inner_width_none sc_content_align_inherit sc_layouts_column_icons_position_left sc_fly_static\" data-id=\"7a88aed\" data-element_type=\"column\">\n\t\t\t<div class=\"elementor-widget-wrap elementor-element-populated\">\n\t\t\t\t\t\t<div class=\"elementor-element elementor-element-290140f elementor-widget-divider--view-line sc_fly_static elementor-widget elementor-widget-divider\" data-id=\"290140f\" data-element_type=\"widget\" data-widget_type=\"divider.default\">\n\t\t\t\t<div class=\"elementor-widget-container\">\n\t\t\t\t\t\t\t<div class=\"elementor-divider\">\n\t\t\t<span class=\"elementor-divider-separator\">\n\t\t\t\t\t\t<\/span>\n\t\t<\/div>\n\t\t\t\t\t\t<\/div>\n\t\t\t\t<\/div>\n\t\t\t\t\t<\/div>\n\t\t<\/div>\n\t\t\t\t\t<\/div>\n\t\t<\/section>\n\t\t\t\t<section class=\"elementor-section elementor-top-section elementor-element elementor-element-f8fc0a7 scheme_light elementor-section-boxed elementor-section-height-default elementor-section-height-default sc_fly_static\" data-id=\"f8fc0a7\" data-element_type=\"section\" data-settings=\"{&quot;background_background&quot;:&quot;classic&quot;}\">\n\t\t\t\t\t\t<div class=\"elementor-container elementor-column-gap-extended\">\n\t\t\t\t\t<div class=\"elementor-column elementor-col-50 elementor-top-column elementor-element elementor-element-d522fb3 sc_inner_width_none sc_content_align_inherit sc_layouts_column_icons_position_left sc_fly_static\" data-id=\"d522fb3\" data-element_type=\"column\">\n\t\t\t<div class=\"elementor-widget-wrap elementor-element-populated\">\n\t\t\t\t\t\t<div class=\"elementor-element elementor-element-95aa9d7 sc_fly_static elementor-widget elementor-widget-trx_sc_title\" data-id=\"95aa9d7\" data-element_type=\"widget\" data-widget_type=\"trx_sc_title.default\">\n\t\t\t\t<div class=\"elementor-widget-container\">\n\t\t\t\t\t<div\t\tclass=\"sc_title sc_title_default\" ><h2 class=\"sc_item_title sc_title_title sc_item_title_style_default trx_addons_inline_158858082\"\n\t\t\t><span class=\"sc_item_title_text\">Bluewell Sports ile sa\u011fl\u0131kl\u0131 kal<\/span><\/h2><\/div>\t\t\t\t<\/div>\n\t\t\t\t<\/div>\n\t\t\t\t<section class=\"elementor-section elementor-inner-section elementor-element elementor-element-143200a elementor-section-boxed elementor-section-height-default elementor-section-height-default sc_fly_static\" data-id=\"143200a\" data-element_type=\"section\">\n\t\t\t\t\t\t<div class=\"elementor-container elementor-column-gap-no\">\n\t\t\t\t\t<div class=\"elementor-column elementor-col-66 elementor-inner-column elementor-element elementor-element-2b45a55 sc_inner_width_none sc_content_align_inherit sc_layouts_column_icons_position_left sc_fly_static\" data-id=\"2b45a55\" data-element_type=\"column\">\n\t\t\t<div class=\"elementor-widget-wrap elementor-element-populated\">\n\t\t\t\t\t\t<div class=\"elementor-element elementor-element-d990f6c sc_layouts_hide_on_mobile sc_layouts_hide_on_tablet sc_fly_static elementor-widget elementor-widget-spacer\" data-id=\"d990f6c\" data-element_type=\"widget\" data-widget_type=\"spacer.default\">\n\t\t\t\t<div class=\"elementor-widget-container\">\n\t\t\t\t\t\t\t<div class=\"elementor-spacer\">\n\t\t\t<div class=\"elementor-spacer-inner\"><\/div>\n\t\t<\/div>\n\t\t\t\t\t\t<\/div>\n\t\t\t\t<\/div>\n\t\t\t\t<div class=\"elementor-element elementor-element-9118635 no-title sc_fly_static elementor-widget elementor-widget-image\" data-id=\"9118635\" data-element_type=\"widget\" data-widget_type=\"image.default\">\n\t\t\t\t<div class=\"elementor-widget-container\">\n\t\t\t\t\t\t\t\t\t\t\t\t\t\t\t<img decoding=\"async\" src=\"https:\/\/capebodrum.com\/wp-content\/uploads\/elementor\/thumbs\/Bluewell-Spa-Sport-Cape-Bodrum-Gundogan-2-qt6i1ch33x1rmavw63mkldjctxxghwpxm51vk6d0uc.jpg\" title=\"Bluewell Spa Sport &#8211; Cape Bodrum &#8211; Gundogan (2)\" alt=\"Bluewell Spa Sport - Cape Bodrum - Gundogan (2)\" loading=\"lazy\" \/>\t\t\t\t\t\t\t\t\t\t\t\t\t\t\t<\/div>\n\t\t\t\t<\/div>\n\t\t\t\t\t<\/div>\n\t\t<\/div>\n\t\t\t\t<div class=\"elementor-column elementor-col-33 elementor-inner-column elementor-element elementor-element-95cd21b sc_inner_width_none sc_content_align_inherit sc_layouts_column_icons_position_left sc_fly_static\" data-id=\"95cd21b\" data-element_type=\"column\">\n\t\t\t<div class=\"elementor-widget-wrap\">\n\t\t\t\t\t\t\t<\/div>\n\t\t<\/div>\n\t\t\t\t\t<\/div>\n\t\t<\/section>\n\t\t\t\t\t<\/div>\n\t\t<\/div>\n\t\t\t\t<div class=\"elementor-column elementor-col-50 elementor-top-column elementor-element elementor-element-f43a357 sc_inner_width_none sc_content_align_inherit sc_layouts_column_icons_position_left sc_fly_static\" data-id=\"f43a357\" data-element_type=\"column\">\n\t\t\t<div class=\"elementor-widget-wrap elementor-element-populated\">\n\t\t\t\t\t\t<div class=\"elementor-element elementor-element-814035c no-title sc_fly_static elementor-widget elementor-widget-image\" data-id=\"814035c\" data-element_type=\"widget\" data-widget_type=\"image.default\">\n\t\t\t\t<div class=\"elementor-widget-container\">\n\t\t\t\t\t\t\t\t\t\t\t\t\t\t\t<img decoding=\"async\" src=\"https:\/\/capebodrum.com\/wp-content\/uploads\/elementor\/thumbs\/Bluewell-Spa-Sport-Cape-Bodrum-Gundogan-1-qt6i1ch790x0l9jveq0ue86rxnydjeh2relu8ot400.jpg\" title=\"Bluewell Spa Sport &#8211; Cape Bodrum &#8211; Gundogan (1)\" alt=\"Bluewell Spa Sport - Cape Bodrum - Gundogan (1)\" loading=\"lazy\" \/>\t\t\t\t\t\t\t\t\t\t\t\t\t\t\t<\/div>\n\t\t\t\t<\/div>\n\t\t\t\t<div class=\"elementor-element elementor-element-477d626 sc_height_tiny sc_fly_static elementor-widget elementor-widget-spacer\" data-id=\"477d626\" data-element_type=\"widget\" data-widget_type=\"spacer.default\">\n\t\t\t\t<div class=\"elementor-widget-container\">\n\t\t\t\t\t\t\t<div class=\"elementor-spacer\">\n\t\t\t<div class=\"elementor-spacer-inner\"><\/div>\n\t\t<\/div>\n\t\t\t\t\t\t<\/div>\n\t\t\t\t<\/div>\n\t\t\t\t<div class=\"elementor-element elementor-element-3376fbe sc_fly_static elementor-widget elementor-widget-text-editor\" data-id=\"3376fbe\" data-element_type=\"widget\" data-widget_type=\"text-editor.default\">\n\t\t\t\t<div class=\"elementor-widget-container\">\n\t\t\t\t\t\t\t\t\t<p>G\u00fcndo\u011fan Koyu'nun muhte\u015fem manzaras\u0131nda Bodrum'da ayr\u0131cal\u0131kl\u0131 bir spor salonu deneyimi ya\u015fay\u0131n.<\/p><p>Tatilinizi bizimle ge\u00e7irirken, son teknoloji ekipmanlar\u0131m\u0131z ve uzman e\u011fitmenlerimiz ile sa\u011fl\u0131\u011f\u0131n\u0131z\u0131 ve zindeli\u011finizi art\u0131r\u0131n.<\/p>\t\t\t\t\t\t\t\t<\/div>\n\t\t\t\t<\/div>\n\t\t\t\t\t<\/div>\n\t\t<\/div>\n\t\t\t\t\t<\/div>\n\t\t<\/section>\n\t\t\t\t<section class=\"elementor-section elementor-top-section elementor-element elementor-element-f149d82 elementor-section-boxed elementor-section-height-default elementor-section-height-default sc_fly_static\" data-id=\"f149d82\" data-element_type=\"section\">\n\t\t\t\t\t\t<div class=\"elementor-container elementor-column-gap-extended\">\n\t\t\t\t\t<div class=\"elementor-column elementor-col-100 elementor-top-column elementor-element elementor-element-eacb231 sc_inner_width_none sc_content_align_inherit sc_layouts_column_icons_position_left sc_fly_static\" data-id=\"eacb231\" data-element_type=\"column\">\n\t\t\t<div class=\"elementor-widget-wrap elementor-element-populated\">\n\t\t\t\t\t\t<div class=\"elementor-element elementor-element-178a675 sc_fly_static elementor-widget elementor-widget-html\" data-id=\"178a675\" data-element_type=\"widget\" data-widget_type=\"html.default\">\n\t\t\t\t<div class=\"elementor-widget-container\">\n\t\t\t\t\t<script src='https:\/\/www.thehotelsnetwork.com\/js\/hotel_price_widget.js? hotel_id=1722369&property_id=1037368&account_key=7C1C17038DEB419A184EBFDAEC4157 D6' async><\/script>\t\t\t\t<\/div>\n\t\t\t\t<\/div>\n\t\t\t\t\t<\/div>\n\t\t<\/div>\n\t\t\t\t\t<\/div>\n\t\t<\/section>\n\t\t\t\t<\/div>","protected":false},"excerpt":{"rendered":"<p>Relax your mind with Bluwell Spa We believe that wellness isn&#8217;t just about your body; it&#8217;s about your mind too.\u00a0 At BluWell SPA, you will find balance and calmness through&hellip;<\/p>","protected":false},"author":1,"featured_media":21839,"parent":0,"menu_order":0,"comment_status":"closed","ping_status":"closed","template":"","meta":{"footnotes":""},"class_list":["post-22894","page","type-page","status-publish","has-post-thumbnail","hentry"],"_links":{"self":[{"href":"https:\/\/capebodrum.com\/tr\/wp-json\/wp\/v2\/pages\/22894","targetHints":{"allow":["GET"]}}],"collection":[{"href":"https:\/\/capebodrum.com\/tr\/wp-json\/wp\/v2\/pages"}],"about":[{"href":"https:\/\/capebodrum.com\/tr\/wp-json\/wp\/v2\/types\/page"}],"author":[{"embeddable":true,"href":"https:\/\/capebodrum.com\/tr\/wp-json\/wp\/v2\/users\/1"}],"replies":[{"embeddable":true,"href":"https:\/\/capebodrum.com\/tr\/wp-json\/wp\/v2\/comments?post=22894"}],"version-history":[{"count":71,"href":"https:\/\/capebodrum.com\/tr\/wp-json\/wp\/v2\/pages\/22894\/revisions"}],"predecessor-version":[{"id":23524,"href":"https:\/\/capebodrum.com\/tr\/wp-json\/wp\/v2\/pages\/22894\/revisions\/23524"}],"wp:featuredmedia":[{"embeddable":true,"href":"https:\/\/capebodrum.com\/tr\/wp-json\/wp\/v2\/media\/21839"}],"wp:attachment":[{"href":"https:\/\/capebodrum.com\/tr\/wp-json\/wp\/v2\/media?parent=22894"}],"curies":[{"name":"wp","href":"https:\/\/api.w.org\/{rel}","templated":true}]}}