{"id":23452,"date":"2023-06-14T15:25:46","date_gmt":"2023-06-14T15:25:46","guid":{"rendered":"https:\/\/capebodrum.com\/?page_id=23452"},"modified":"2023-06-14T15:36:03","modified_gmt":"2023-06-14T15:36:03","slug":"gundogan","status":"publish","type":"page","link":"https:\/\/capebodrum.com\/tr\/gundogan\/","title":{"rendered":"G\u00fcndo\u011fan"},"content":{"rendered":"<div data-elementor-type=\"wp-page\" data-elementor-id=\"23452\" class=\"elementor elementor-23452\">\n\t\t\t\t\t\t<section class=\"elementor-section elementor-top-section elementor-element elementor-element-2753f62f scheme_light elementor-section-boxed elementor-section-height-default elementor-section-height-default sc_fly_static\" data-id=\"2753f62f\" data-element_type=\"section\" data-settings=\"{&quot;background_background&quot;:&quot;classic&quot;}\">\n\t\t\t\t\t\t<div class=\"elementor-container elementor-column-gap-extended\">\n\t\t\t\t\t<div class=\"elementor-column elementor-col-50 elementor-top-column elementor-element elementor-element-16b3cd35 sc_inner_width_none sc_content_align_inherit sc_layouts_column_icons_position_left sc_fly_static\" data-id=\"16b3cd35\" data-element_type=\"column\">\n\t\t\t<div class=\"elementor-widget-wrap elementor-element-populated\">\n\t\t\t\t\t\t<div class=\"elementor-element elementor-element-77a63518 sc_fly_static elementor-widget elementor-widget-spacer\" data-id=\"77a63518\" data-element_type=\"widget\" data-widget_type=\"spacer.default\">\n\t\t\t\t<div class=\"elementor-widget-container\">\n\t\t\t\t\t\t\t<div class=\"elementor-spacer\">\n\t\t\t<div class=\"elementor-spacer-inner\"><\/div>\n\t\t<\/div>\n\t\t\t\t\t\t<\/div>\n\t\t\t\t<\/div>\n\t\t\t\t<div class=\"elementor-element elementor-element-4da12fc sc_fly_static elementor-widget elementor-widget-trx_sc_title\" data-id=\"4da12fc\" data-element_type=\"widget\" data-widget_type=\"trx_sc_title.default\">\n\t\t\t\t<div class=\"elementor-widget-container\">\n\t\t\t\t\t<div\t\tclass=\"sc_title sc_title_default\" ><h3 class=\"sc_item_title sc_title_title sc_item_title_style_default sc_item_title_tag trx_addons_inline_356033760\"\n\t\t\t><span class=\"sc_item_title_text\">G\u00fcndo\u011fan, g\u00fcne\u015fin t\u00fcm ihti\u015fam\u0131 ve g\u00fczelli\u011fiyle do\u011fdu\u011fu yer.<\/span><\/h3><\/div>\t\t\t\t<\/div>\n\t\t\t\t<\/div>\n\t\t\t\t<section class=\"elementor-section elementor-inner-section elementor-element elementor-element-2e1e89bf elementor-section-boxed elementor-section-height-default elementor-section-height-default sc_fly_static\" data-id=\"2e1e89bf\" data-element_type=\"section\">\n\t\t\t\t\t\t<div class=\"elementor-container elementor-column-gap-no\">\n\t\t\t\t\t<div class=\"elementor-column elementor-col-33 elementor-inner-column elementor-element elementor-element-18da445f sc_inner_width_none sc_content_align_inherit sc_layouts_column_icons_position_left sc_fly_static\" data-id=\"18da445f\" data-element_type=\"column\">\n\t\t\t<div class=\"elementor-widget-wrap\">\n\t\t\t\t\t\t\t<\/div>\n\t\t<\/div>\n\t\t\t\t<div class=\"elementor-column elementor-col-66 elementor-inner-column elementor-element elementor-element-1b3eefce sc_inner_width_none sc_content_align_inherit sc_layouts_column_icons_position_left sc_fly_static\" data-id=\"1b3eefce\" data-element_type=\"column\">\n\t\t\t<div class=\"elementor-widget-wrap elementor-element-populated\">\n\t\t\t\t\t\t<div class=\"elementor-element elementor-element-73f9c22 sc_layouts_hide_on_mobile sc_layouts_hide_on_tablet sc_fly_static elementor-widget elementor-widget-spacer\" data-id=\"73f9c22\" data-element_type=\"widget\" data-widget_type=\"spacer.default\">\n\t\t\t\t<div class=\"elementor-widget-container\">\n\t\t\t\t\t\t\t<div class=\"elementor-spacer\">\n\t\t\t<div class=\"elementor-spacer-inner\"><\/div>\n\t\t<\/div>\n\t\t\t\t\t\t<\/div>\n\t\t\t\t<\/div>\n\t\t\t\t<div class=\"elementor-element elementor-element-506008b6 no-title sc_fly_static elementor-widget elementor-widget-image\" data-id=\"506008b6\" data-element_type=\"widget\" data-widget_type=\"image.default\">\n\t\t\t\t<div class=\"elementor-widget-container\">\n\t\t\t\t\t\t\t\t\t\t\t\t\t\t\t<img decoding=\"async\" src=\"https:\/\/capebodrum.com\/wp-content\/uploads\/elementor\/thumbs\/cape-bodrum-gundogan-2-qt6i1ch1w2asspgtjgjy38cf6q49q57gtxubft4fjk.jpg\" title=\"cape-bodrum-gundogan-2\" alt=\"cape-bodrum-gundogan-2\" loading=\"lazy\" \/>\t\t\t\t\t\t\t\t\t\t\t\t\t\t\t<\/div>\n\t\t\t\t<\/div>\n\t\t\t\t\t<\/div>\n\t\t<\/div>\n\t\t\t\t\t<\/div>\n\t\t<\/section>\n\t\t\t\t\t<\/div>\n\t\t<\/div>\n\t\t\t\t<div class=\"elementor-column elementor-col-50 elementor-top-column elementor-element elementor-element-4fb9976b sc_inner_width_none sc_content_align_inherit sc_layouts_column_icons_position_left sc_fly_static\" data-id=\"4fb9976b\" data-element_type=\"column\">\n\t\t\t<div class=\"elementor-widget-wrap elementor-element-populated\">\n\t\t\t\t\t\t<div class=\"elementor-element elementor-element-19a4c96a sc_fly_static elementor-widget elementor-widget-spacer\" data-id=\"19a4c96a\" data-element_type=\"widget\" data-widget_type=\"spacer.default\">\n\t\t\t\t<div class=\"elementor-widget-container\">\n\t\t\t\t\t\t\t<div class=\"elementor-spacer\">\n\t\t\t<div class=\"elementor-spacer-inner\"><\/div>\n\t\t<\/div>\n\t\t\t\t\t\t<\/div>\n\t\t\t\t<\/div>\n\t\t\t\t<div class=\"elementor-element elementor-element-5b78012b no-title sc_fly_static elementor-widget elementor-widget-image\" data-id=\"5b78012b\" data-element_type=\"widget\" data-widget_type=\"image.default\">\n\t\t\t\t<div class=\"elementor-widget-container\">\n\t\t\t\t\t\t\t\t\t\t\t\t\t\t\t<img decoding=\"async\" src=\"https:\/\/capebodrum.com\/wp-content\/uploads\/elementor\/thumbs\/cape-bodrum-gundogan-qt6i1ch3h2pu0w0l5x8uaeuvwu3cn7n0knf3gik4xs.jpg\" title=\"cape-bodrum-gundogan\" alt=\"cape-bodrum-gundogan\" loading=\"lazy\" \/>\t\t\t\t\t\t\t\t\t\t\t\t\t\t\t<\/div>\n\t\t\t\t<\/div>\n\t\t\t\t<div class=\"elementor-element elementor-element-66433dec sc_height_medium sc_fly_static elementor-widget elementor-widget-spacer\" data-id=\"66433dec\" data-element_type=\"widget\" data-widget_type=\"spacer.default\">\n\t\t\t\t<div class=\"elementor-widget-container\">\n\t\t\t\t\t\t\t<div class=\"elementor-spacer\">\n\t\t\t<div class=\"elementor-spacer-inner\"><\/div>\n\t\t<\/div>\n\t\t\t\t\t\t<\/div>\n\t\t\t\t<\/div>\n\t\t\t\t<div class=\"elementor-element elementor-element-e29afd0 sc_fly_static elementor-widget elementor-widget-text-editor\" data-id=\"e29afd0\" data-element_type=\"widget\" data-widget_type=\"text-editor.default\">\n\t\t\t\t<div class=\"elementor-widget-container\">\n\t\t\t\t\t\t\t\t\t<p>G\u00fcndo\u011fan\u2019\u0131n tarihi M\u00d6 4. y\u00fczy\u0131la dayanmaktad\u0131r. As\u0131l ismi Vera olan G\u00fcndo\u011fan, antik d\u00f6nemde Rumca g\u00fcne\u015fin do\u011fdu\u011fu yer anlam\u0131na gelen Farilya ismini alm\u0131\u015f, 1961 y\u0131l\u0131ndan sonra G\u00fcndo\u011fan ad\u0131 ile an\u0131lmaya ba\u015flam\u0131\u015ft\u0131r.<\/p><p>Tarih boyunca; Mikenler, Persler, M\u0131s\u0131rl\u0131lar ve Lelegler\u2019i topraklar\u0131nda bar\u0131nd\u0131rm\u0131\u015f olan G\u00fcndo\u011fan,\nayn\u0131 zamanda y\u00fcr\u00fcy\u00fc\u015f i\u00e7in de nefis y\u00fcr\u00fcy\u00fc\u015f yollar\u0131na sahiptir.<\/p><p>Leleglere ait bir\u00e7ok kaya mezar\u0131, eski yel de\u011firmenleri, su sarn\u0131\u00e7lar\u0131, Peynir \u00c7i\u00e7e\u011fi Ma\u011faras\u0131, Elli \u0130ki Merdiven Kilisesi ve Osmanl\u0131 Kulesi size bu y\u00fcr\u00fcy\u00fc\u015f parkurlar\u0131 boyunca e\u015flik edecektir.<\/p>\t\t\t\t\t\t\t\t<\/div>\n\t\t\t\t<\/div>\n\t\t\t\t\t<\/div>\n\t\t<\/div>\n\t\t\t\t\t<\/div>\n\t\t<\/section>\n\t\t\t\t<\/div>","protected":false},"excerpt":{"rendered":"<p>G\u00fcndo\u011fan, where the sun rises in all its splendor and beauty. The history of Gundogan dates back to the 4th century BC. G\u00fcndo\u011fan, whose real name was Vera, took the&hellip;<\/p>","protected":false},"author":1,"featured_media":0,"parent":0,"menu_order":0,"comment_status":"closed","ping_status":"closed","template":"","meta":{"footnotes":""},"class_list":["post-23452","page","type-page","status-publish","hentry"],"_links":{"self":[{"href":"https:\/\/capebodrum.com\/tr\/wp-json\/wp\/v2\/pages\/23452","targetHints":{"allow":["GET"]}}],"collection":[{"href":"https:\/\/capebodrum.com\/tr\/wp-json\/wp\/v2\/pages"}],"about":[{"href":"https:\/\/capebodrum.com\/tr\/wp-json\/wp\/v2\/types\/page"}],"author":[{"embeddable":true,"href":"https:\/\/capebodrum.com\/tr\/wp-json\/wp\/v2\/users\/1"}],"replies":[{"embeddable":true,"href":"https:\/\/capebodrum.com\/tr\/wp-json\/wp\/v2\/comments?post=23452"}],"version-history":[{"count":13,"href":"https:\/\/capebodrum.com\/tr\/wp-json\/wp\/v2\/pages\/23452\/revisions"}],"predecessor-version":[{"id":23471,"href":"https:\/\/capebodrum.com\/tr\/wp-json\/wp\/v2\/pages\/23452\/revisions\/23471"}],"wp:attachment":[{"href":"https:\/\/capebodrum.com\/tr\/wp-json\/wp\/v2\/media?parent=23452"}],"curies":[{"name":"wp","href":"https:\/\/api.w.org\/{rel}","templated":true}]}}