{"id":23569,"date":"2023-10-09T12:26:45","date_gmt":"2023-10-09T12:26:45","guid":{"rendered":"https:\/\/capebodrum.com\/?page_id=23569"},"modified":"2025-09-08T21:10:31","modified_gmt":"2025-09-08T21:10:31","slug":"2025-surdulebilirlik-raporu","status":"publish","type":"page","link":"https:\/\/capebodrum.com\/tr\/2025-surdulebilirlik-raporu\/","title":{"rendered":"\u00a02025 Sustainability Report"},"content":{"rendered":"<div data-elementor-type=\"wp-page\" data-elementor-id=\"23569\" class=\"elementor elementor-23569\">\n\t\t\t\t\t\t<section class=\"elementor-section elementor-top-section elementor-element elementor-element-288927a elementor-section-boxed elementor-section-height-default elementor-section-height-default sc_fly_static\" data-id=\"288927a\" data-element_type=\"section\">\n\t\t\t\t\t\t<div class=\"elementor-container elementor-column-gap-extended\">\n\t\t\t\t\t<div class=\"elementor-column elementor-col-100 elementor-top-column elementor-element elementor-element-802b1d2 sc_inner_width_none sc_content_align_inherit sc_layouts_column_icons_position_left sc_fly_static\" data-id=\"802b1d2\" data-element_type=\"column\">\n\t\t\t<div class=\"elementor-widget-wrap elementor-element-populated\">\n\t\t\t\t\t\t<div class=\"elementor-element elementor-element-b98b08a sc_fly_static elementor-widget elementor-widget-pdf_viewer\" data-id=\"b98b08a\" data-element_type=\"widget\" data-widget_type=\"pdf_viewer.default\">\n\t\t\t\t<div class=\"elementor-widget-container\">\n\t\t\t\t\t<iframe src=\"https:\/\/docs.google.com\/viewer?url=https:\/\/capebodrum.com\/wp-content\/uploads\/2025\/09\/2025-Surdurulebilirlik-Raporu-TR.pdf&amp;embedded=true\" style=\"display: block; margin-left: auto; margin-right: auto; width: 640px; height: 440px;\" frameborder=\"1\" marginheight=\"0px\" marginwidth=\"0px\" allowfullscreen><\/iframe>\t\t\t\t<\/div>\n\t\t\t\t<\/div>\n\t\t\t\t\t<\/div>\n\t\t<\/div>\n\t\t\t\t\t<\/div>\n\t\t<\/section>\n\t\t\t\t<section class=\"elementor-section elementor-top-section elementor-element elementor-element-cd07699 elementor-section-boxed elementor-section-height-default elementor-section-height-default sc_fly_static\" data-id=\"cd07699\" data-element_type=\"section\">\n\t\t\t\t\t\t<div class=\"elementor-container elementor-column-gap-extended\">\n\t\t\t\t\t<div class=\"elementor-column elementor-col-100 elementor-top-column elementor-element elementor-element-ee68999 sc_inner_width_none sc_content_align_inherit sc_layouts_column_icons_position_left sc_fly_static\" data-id=\"ee68999\" data-element_type=\"column\">\n\t\t\t<div class=\"elementor-widget-wrap elementor-element-populated\">\n\t\t\t\t\t\t<div class=\"elementor-element elementor-element-68b4dbc sc_fly_static elementor-widget elementor-widget-text-editor\" data-id=\"68b4dbc\" data-element_type=\"widget\" data-widget_type=\"text-editor.default\">\n\t\t\t\t<div class=\"elementor-widget-container\">\n\t\t\t\t\t\t\t\t\t<p><strong>T.C. K\u00fclt\u00fcr ve Turizm Bakanl\u0131\u011f\u0131<br \/>\u00a0Mu\u011fla \u0130l K\u00fclt\u00fcr ve Turizm M\u00fcd\u00fcrl\u00fc\u011f\u00fc (<a href=\"https:\/\/ktb.gov.tr\" target=\"_blank\" rel=\"noopener\">ktb.gov.tr<\/a>)<\/strong><\/p>\t\t\t\t\t\t\t\t<\/div>\n\t\t\t\t<\/div>\n\t\t\t\t\t<\/div>\n\t\t<\/div>\n\t\t\t\t\t<\/div>\n\t\t<\/section>\n\t\t\t\t<\/div>","protected":false},"excerpt":{"rendered":"<p>T.C. K\u00fclt\u00fcr ve Turizm Bakanl\u0131\u011f\u0131\u00a0Mu\u011fla \u0130l K\u00fclt\u00fcr ve Turizm M\u00fcd\u00fcrl\u00fc\u011f\u00fc (ktb.gov.tr)<\/p>","protected":false},"author":1,"featured_media":0,"parent":0,"menu_order":0,"comment_status":"closed","ping_status":"closed","template":"","meta":{"footnotes":""},"class_list":["post-23569","page","type-page","status-publish","hentry"],"_links":{"self":[{"href":"https:\/\/capebodrum.com\/tr\/wp-json\/wp\/v2\/pages\/23569","targetHints":{"allow":["GET"]}}],"collection":[{"href":"https:\/\/capebodrum.com\/tr\/wp-json\/wp\/v2\/pages"}],"about":[{"href":"https:\/\/capebodrum.com\/tr\/wp-json\/wp\/v2\/types\/page"}],"author":[{"embeddable":true,"href":"https:\/\/capebodrum.com\/tr\/wp-json\/wp\/v2\/users\/1"}],"replies":[{"embeddable":true,"href":"https:\/\/capebodrum.com\/tr\/wp-json\/wp\/v2\/comments?post=23569"}],"version-history":[{"count":40,"href":"https:\/\/capebodrum.com\/tr\/wp-json\/wp\/v2\/pages\/23569\/revisions"}],"predecessor-version":[{"id":23756,"href":"https:\/\/capebodrum.com\/tr\/wp-json\/wp\/v2\/pages\/23569\/revisions\/23756"}],"wp:attachment":[{"href":"https:\/\/capebodrum.com\/tr\/wp-json\/wp\/v2\/media?parent=23569"}],"curies":[{"name":"wp","href":"https:\/\/api.w.org\/{rel}","templated":true}]}}